{"id":1741,"date":"2012-05-08T17:19:20","date_gmt":"2012-05-08T17:19:20","guid":{"rendered":"https:\/\/bocchedalbegna.com\/willkommen\/"},"modified":"2026-01-19T09:12:35","modified_gmt":"2026-01-19T09:12:35","slug":"willkommen","status":"publish","type":"page","link":"https:\/\/bocchedalbegna.com\/de\/","title":{"rendered":"Willkommen!"},"content":{"rendered":"\n<h3 class=\"wp-block-heading has-text-align-center has-contrast-color has-text-color\" style=\"text-transform:none\"><strong>Willkommen !<\/strong><\/h3>\n\n<h3 class=\"wp-block-heading has-text-align-center\">Camping Village Bocche d&#8217;Albegna<\/h3>\n\n<p>Das Camping  \u201cBocche d\u2019Albegna\u201c befindet sich am Rand eines duftigen Kiefernwaldes auf einer Landzunge, die von allen Seiten vom Meer umgeben ist, und liegt im Zentrum eines nat\u00fcrlichen Meerbusens, den die Kaps Talamone und Argentario bilden.&#13;\n&#13;\n<\/p>\n\n<p>Dank seiner Lage direkt am mediterranen Strand, mit einer wundersch\u00f6nen Aussicht auf Argentario, und seiner modernen Ausstattung ist das Camping der ideale Ort f\u00fcr eine heterogene Kundschaft, die sich im Gr\u00fcnen erholen m\u00f6chte und die den Urlaub weit vom st\u00e4dtischen Chaos verbringen will.&#13;\n&#13;\n<\/p>\n\n<p>Unsere Schl\u00e4tze, Natur und Landschaften, bitten Ihnen die M\u00f6glichkeit, die Sch\u00f6nheit der Natur zu genie\u00dfen und die antiken Orte der etruskischen Zivilisation zu besuchen. Der Strand, der an das Camping angrenzt, ist breit und zum gr\u00f6\u00dften Teil sandig, aber enth\u00e4lt auch einige Abschnitte, wo Felsen und Steine vorkommen.&#13;\n&#13;\n<\/p>\n\n<div class=\"wp-block-group has-background is-content-justification-center is-nowrap is-layout-flex wp-container-core-group-is-layout-b7cdf760 wp-block-group-is-layout-flex\" style=\"background-color:#7db53333;padding-top:var(--wp--preset--spacing--30);padding-right:var(--wp--preset--spacing--30);padding-bottom:var(--wp--preset--spacing--30);padding-left:var(--wp--preset--spacing--30)\">\n<figure class=\"wp-block-image size-large is-resized\"><img decoding=\"async\" src=\"https:\/\/api.iconify.design\/guidance\/calendar.svg?color=%2332519f\" alt=\"\" style=\"width:37px;height:auto\"\/><\/figure>\n\n\n\n<p class=\"has-contrast-color has-text-color has-link-color has-large-font-size wp-elements-4dda91209a184b9216c8a9af4bac6940\"><strong>N\u00e4chste Er\u00f6ffnung:<\/strong> vom 03\/04\/2026 bis 27\/09\/2026<\/p>\n<\/div>\n","protected":false},"excerpt":{"rendered":"<p>Willkommen ! Camping Village Bocche d&#8217;Albegna Das Camping \u201cBocche d\u2019Albegna\u201c befindet sich am Rand eines duftigen Kiefernwaldes auf einer Landzunge, die von allen Seiten vom Meer umgeben ist, und liegt im Zentrum eines nat\u00fcrlichen Meerbusens, den die Kaps Talamone und Argentario bilden.&#13; &#13; Dank seiner Lage direkt am mediterranen Strand, mit einer wundersch\u00f6nen Aussicht auf [&hellip;]<\/p>\n","protected":false},"author":1,"featured_media":602,"parent":0,"menu_order":10,"comment_status":"open","ping_status":"open","template":"front","meta":{"footnotes":""},"class_list":["post-1741","page","type-page","status-publish","has-post-thumbnail","hentry"],"jetpack_sharing_enabled":true,"_links":{"self":[{"href":"https:\/\/bocchedalbegna.com\/de\/wp-json\/wp\/v2\/pages\/1741","targetHints":{"allow":["GET"]}}],"collection":[{"href":"https:\/\/bocchedalbegna.com\/de\/wp-json\/wp\/v2\/pages"}],"about":[{"href":"https:\/\/bocchedalbegna.com\/de\/wp-json\/wp\/v2\/types\/page"}],"author":[{"embeddable":true,"href":"https:\/\/bocchedalbegna.com\/de\/wp-json\/wp\/v2\/users\/1"}],"replies":[{"embeddable":true,"href":"https:\/\/bocchedalbegna.com\/de\/wp-json\/wp\/v2\/comments?post=1741"}],"version-history":[{"count":8,"href":"https:\/\/bocchedalbegna.com\/de\/wp-json\/wp\/v2\/pages\/1741\/revisions"}],"predecessor-version":[{"id":1851,"href":"https:\/\/bocchedalbegna.com\/de\/wp-json\/wp\/v2\/pages\/1741\/revisions\/1851"}],"wp:featuredmedia":[{"embeddable":true,"href":"https:\/\/bocchedalbegna.com\/de\/wp-json\/wp\/v2\/media\/602"}],"wp:attachment":[{"href":"https:\/\/bocchedalbegna.com\/de\/wp-json\/wp\/v2\/media?parent=1741"}],"curies":[{"name":"wp","href":"https:\/\/api.w.org\/{rel}","templated":true}]}}