{"id":1798,"date":"2015-06-19T06:29:00","date_gmt":"2015-06-19T06:29:00","guid":{"rendered":"https:\/\/bocchedalbegna.com\/camping-regeln\/"},"modified":"2025-04-02T17:15:32","modified_gmt":"2025-04-02T17:15:32","slug":"camping-regeln","status":"publish","type":"page","link":"https:\/\/bocchedalbegna.com\/de\/camping-regeln\/","title":{"rendered":"Camping-Regeln"},"content":{"rendered":"\n<div class=\"wp-block-group is-nowrap is-layout-flex wp-container-core-group-is-layout-6c531013 wp-block-group-is-layout-flex\">\n<figure class=\"wp-block-image size-large is-resized wp-duotone-unset-1\"><img decoding=\"async\" src=\"data:image\/svg+xml;base64,PHN2ZyB4bWxucz0iaHR0cDovL3d3dy53My5vcmcvMjAwMC9zdmciIHdpZHRoPSIyNCIgaGVpZ2h0PSIyNCIgdmlld0JveD0iMCAwIDI0IDI0Ij48cGF0aCBmaWxsPSIjMzI1MTlmIiBmaWxsLXJ1bGU9ImV2ZW5vZGQiIGQ9Ik0xIDIuMzMzdjE3LjQxMWwxMSAzLjNsMTEtMy4zVjIuMzM0bC0xLjczNS0xLjE1N0wxMiAzLjk1N2wtOS4yNjUtMi43OHptMTEgMy43MTFsLTktMi43djE0LjkxMmw4IDIuNFY5LjI1MWwyLS42djEyLjAwNWw4LTIuNFYzLjM0NHptNyAuODEybC00IDEuMnYyLjA4OGw0LTEuMnoiIGNsaXAtcnVsZT0iZXZlbm9kZCIvPjwvc3ZnPg==\" alt=\"\" style=\"object-fit:cover;width:64px;height:64px\"\/><\/figure>\n\n\n\n<h2 class=\"wp-block-heading\" style=\"text-transform:none\">Allgemeine Vorschriften<\/h2>\n<\/div>\n\n<div class=\"wp-block-columns is-layout-flex wp-container-core-columns-is-layout-28f84493 wp-block-columns-is-layout-flex\">\n<div class=\"wp-block-column is-layout-flow wp-block-column-is-layout-flow\">\n<ul style=\"margin-top:0;margin-right:0;margin-bottom:0;margin-left:0\" class=\"wp-block-list\">\n<li><span>Bei der Ankunft sind alle\u00a0<\/span><strong><span>G\u00e4ste verpflichtet, die Preisliste und die Campingplatzordnung zu lesen und sich<\/span><\/strong><span>\u00a0mit einem g\u00fcltigen Dokument an der Rezeption anzumelden. Der Campingplatz kann gegen jeden, der sich ohne ordnungsgem\u00e4\u00dfe Registrierung im Dorf aufh\u00e4lt, strafrechtlich vorgehen.<\/span><\/li>\n\n\n\n<li><strong><span>Bei der Einreise muss sowohl die genaue Anzahl der mitreisenden Haushaltsmitglieder als auch die Art der unterzubringenden Ger\u00e4te angegeben werden<\/span><\/strong><span>\u00a0. Der Campingplatz akzeptiert keine Aufenthalte von Berufst\u00e4tigen, da es sich um eine Struktur mit ausschlie\u00dflich touristischer Ausrichtung handelt. Kundenfahrzeuge (Wohnmobile und Caravans) m\u00fcssen \u00fcber ein amtliches Kennzeichen verf\u00fcgen, sonst werden sie nicht akzeptiert. Jede An- und\/oder Abreise innerhalb der Gruppe muss der Gesch\u00e4ftsleitung mitgeteilt werden, um die Kosten des Urlaubs korrekt berechnen zu k\u00f6nnen.<\/span><\/li>\n\n\n\n<li><strong><span>Minderj\u00e4hrigen<\/span><\/strong><span>\u00a0unter 18 Jahren ist der Zutritt zum Campingplatz nur in Begleitung von Erwachsenen gestattet, die f\u00fcr sie gesetzlich verantwortlich sind. Erwachsene m\u00fcssen darauf achten, dass das Verhalten ihrer Kinder oder ihnen anvertrauten Minderj\u00e4hrigen die Ruhe und Sicherheit anderer Kunden nicht st\u00f6rt.<\/span><\/li>\n\n\n\n<li><strong><span>Der Zugang zum Campingplatz ist f\u00fcr Besucher<\/span><\/strong><span>\u00a0nur zu Fu\u00df und gegen Vorlage eines Ausweisdokuments m\u00f6glich. Bei einem Aufenthalt in der Anlage von mehr als 2 Stunden ist der Tagessatz zu entrichten.<\/span><\/li>\n\n\n\n<li>Die Dauer des Monats wird auf der Grundlage der Zahl der Notti wirksam.<\/li>\n\n\n\n<li><strong><span>Die gebuchten Stellpl\u00e4tze<\/span><\/strong><span>\u00a0k\u00f6nnen ab 16:00 Uhr bezogen werden und m\u00fcssen bis 10:00 Uhr ger\u00e4umt sein. Nach Ablauf dieser Zeit wird auch der Folgetag mitgez\u00e4hlt.<\/span><\/li>\n\n\n\n<li><strong><span>Die gebuchten Apartments<\/span><\/strong><span>\u00a0k\u00f6nnen ab 16:00 Uhr bezogen werden und m\u00fcssen bis 10:00 Uhr ger\u00e4umt sein. \u00a0<\/span><\/li>\n\n\n\n<li><strong><span>Crews<\/span><\/strong><span>\u00a0d\u00fcrfen in der Zeit vom 01.08. bis 31.08. nicht leer gelassen werden (ausgenommen Pauschalpreise. Mindestanzahl Crewmitglieder t\u00e4glich 2 Erwachsene).<\/span><\/li>\n\n\n\n<li><strong><span>Jeder Stellplatz ist mit einem Stromanschluss ausgestattet<\/span><\/strong><span>\u00a0. Um die Sicherheit der Anlage und der G\u00e4ste zu gew\u00e4hrleisten, wird empfohlen, gesetzeskonforme Kabel und Steckdosen zu verwenden, nur einen Stromanschluss zu nutzen und beim Umgang mit Gas und Herden h\u00f6chste Vorsicht walten zu lassen.<\/span><\/li>\n\n\n\n<li><strong><span>F\u00fcr Abonnenten ist die Nutzung nur eines<\/span><\/strong><span>\u00a0Stromanschlusses m\u00f6glich, f\u00fcr die zweite Steckdose fallen zus\u00e4tzliche Kosten in H\u00f6he von 200,00 \u20ac an.<\/span><\/li>\n<\/ul>\n<\/div>\n\n\n\n<div class=\"wp-block-column is-layout-flow wp-block-column-is-layout-flow\">\n<ul class=\"wp-block-list\">\n<li><strong><span>Die Einfahrt mit dem Auto (im Schritttempo)<\/span><\/strong><span>\u00a0ist nur bei der Ankunft (Check-in) und Abreise (Check-out) gestattet, um das Aus- und Einladen des Gep\u00e4cks zu erm\u00f6glichen. Die Einfahrt mit dem Auto ist G\u00e4sten\/Besuchern NIEMALS gestattet.<\/span><\/li>\n\n\n\n<li><strong><span>Alle Ger\u00e4te m\u00fcssen<\/span><\/strong><span>\u00a0innerhalb der Grenzen des zugewiesenen Stellplatzes platziert werden, wobei auch die \u00d6ffnung der Fenster von Wohnmobilen und Wohnwagen zu ber\u00fccksichtigen ist, um nicht in den Bereich des angrenzenden Stellplatzes einzudringen.<\/span><\/li>\n\n\n\n<li><strong><span>Hunde, die laut Tarifplan zugelassen sind, m\u00fcssen<\/span><\/strong><span>\u00a0bei der Buchung immer angegeben werden und m\u00fcssen an der Leine oder mit einem Maulkorb (bei Aggressivit\u00e4t obligatorisch) gef\u00fchrt werden. Die Besitzer sind verpflichtet, den Gesundheitspass ihres Haustiers vorzulegen und es zur Verrichtung physiologischer Bed\u00fcrfnisse (unter Ber\u00fccksichtigung der sofortigen Beseitigung der Exkremente) aus dem Campingplatz zu begleiten.<\/span><\/li>\n\n\n\n<li><strong><span>Besitzer von Hunden in den Apartments<\/span><\/strong><span>\u00a0m\u00fcssen darauf achten, dass diese nicht auf Sofas und Betten klettern und keine Sch\u00e4den an der Struktur und den vorhandenen Gegenst\u00e4nden verursachen. In diesem Fall werden die Kosten f\u00fcr die Wiederherstellung der Aufenthaltsrechnung belastet.<\/span><\/li>\n\n\n\n<li><strong><span>In den Wohnungen ist nur ein gro\u00dfer Hund erlaubt.<\/span><\/strong><\/li>\n\n\n\n<li><strong><span>Hundehalter auf Stellpl\u00e4tzen<\/span><\/strong><span>\u00a0m\u00fcssen darauf achten, dass sie die anderen Campingplatzg\u00e4ste nicht durch Eindringen in fremde Bereiche st\u00f6ren. Hundez\u00e4une d\u00fcrfen eine H\u00f6he von 100 cm nicht \u00fcberschreiten. Reicht diese nicht aus, um den Hund einzusperren, muss dieser innerhalb des Stellplatzes angebunden bleiben. Wer sich nicht an die oben genannten Regeln h\u00e4lt, wird aufgefordert, den Campingplatz umgehend zu verlassen. Die Leitung haftet nicht f\u00fcr etwaige Aggressionen zwischen Hunden oder Unh\u00f6flichkeiten zwischen Besitzern innerhalb und au\u00dferhalb der Anlage (Hundestrand und Au\u00dfenbereich des Campingplatzes).<\/span><\/li>\n<\/ul>\n\n\n\n<ul class=\"wp-block-list\">\n<li><strong><span>Es ist nicht gestattet, Hunde unbeaufsichtigt auf dem Stellplatz oder in der Wohnung zu lassen.<\/span><\/strong><\/li>\n\n\n\n<li><strong><span>Tierbesitzer, die<\/span><\/strong><span>\u00a0diese Regeln nicht einhalten, werden gebeten, den Campingplatz umgehend zu verlassen.<\/span><\/li>\n<\/ul>\n<\/div>\n<\/div>\n\n<div class=\"wp-block-group is-nowrap is-layout-flex wp-container-core-group-is-layout-6c531013 wp-block-group-is-layout-flex\">\n<figure class=\"wp-block-image size-large is-resized wp-duotone-unset-2\"><img decoding=\"async\" src=\"data:image\/svg+xml;base64,PHN2ZyB4bWxucz0iaHR0cDovL3d3dy53My5vcmcvMjAwMC9zdmciIHdpZHRoPSIyNCIgaGVpZ2h0PSIyNCIgdmlld0JveD0iMCAwIDI0IDI0Ij48cGF0aCBmaWxsPSIjMzI1MTlmIiBkPSJtMTMgMTAuMTdsLTIuNS0yLjVWMi4yNWExLjI1IDEuMjUgMCAwIDEgMi41IDB6bTcgMi41OHYtNy41YTEuMjUgMS4yNSAwIDAgMC0yLjUgMFYxMWgtMVYzLjI1YTEuMjUgMS4yNSAwIDAgMC0yLjUgMHY3LjkybDYgNnpNOS41IDQuMjVDOS41IDMuNTYgOC45NCAzIDguMjUgM2MtLjY3IDAtMS4yLjUzLTEuMjQgMS4xOEw5LjUgNi42N3ptMy41IDUuOTJsLTIuNS0yLjVWMi4yNWExLjI1IDEuMjUgMCAwIDEgMi41IDB6bTcgMi41OHYtNy41YTEuMjUgMS4yNSAwIDAgMC0yLjUgMFYxMWgtMVYzLjI1YTEuMjUgMS4yNSAwIDAgMC0yLjUgMHY3LjkybDYgNnpNOS41IDQuMjVDOS41IDMuNTYgOC45NCAzIDguMjUgM2MtLjY3IDAtMS4yLjUzLTEuMjQgMS4xOEw5LjUgNi42N3ptMTEuNjkgMTYuOTRMMi44MSAyLjgxTDEuMzkgNC4yMmw1LjYzIDUuNjNMNyA5LjgzdjQuM2MtMS4xMS0uNjQtMi41OC0xLjQ3LTIuNi0xLjQ4Yy0uMTctLjA5LS4zNC0uMTQtLjU0LS4xNGMtLjI2IDAtLjUuMDktLjcuMjZjLS4wNC4wMS0xLjE2IDEuMTEtMS4xNiAxLjExbDYuOCA3LjE4Yy41Ny42IDEuMzUuOTQgMi4xOC45NEgxN2MuNjIgMCAxLjE4LS4xOSAxLjY1LS41MmwtLjAyLS4wMmwxLjE1IDEuMTV6Ii8+PC9zdmc+\" alt=\"\" style=\"object-fit:cover;width:64px;height:64px\"\/><\/figure>\n\n\n\n<h2 class=\"wp-block-heading\" style=\"text-transform:none\">Es ist sehr vietato<\/h2>\n<\/div>\n\n<div class=\"wp-block-columns is-layout-flex wp-container-core-columns-is-layout-28f84493 wp-block-columns-is-layout-flex\">\n<div class=\"wp-block-column is-layout-flow wp-block-column-is-layout-flow\">\n<ul class=\"wp-block-list\">\n<li><span>Machen Sie auf dem Campingplatz und am Strand\u00a0<\/span><strong><span>Feuer<\/span><\/strong><span>\u00a0. Das Grillen ist in den daf\u00fcr vorgesehenen Bereichen nur mit Holzkohle (kein Holz) m\u00f6glich.<\/span><\/li>\n\n\n\n<li><strong><span>Anbringen von Abdeckungen,<\/span><\/strong><span>\u00a0die an Pflanzen befestigt oder am Boden befestigt sind, Verankerungen an Kiefern, feste Konstruktionen \u00fcber Wohnmobilen und Wohnwagen, Aufstellen von Z\u00e4unen und Spannseilen auf Augenh\u00f6he (wir empfehlen die Verwendung spezieller W\u00e4scheleinen), Einschlagen von N\u00e4geln in B\u00e4ume, Gie\u00dfen von \u00d6l, kochendem Wasser und\/oder Seifenlauge in den Boden, Verursachen Sie auf keine Art und Weise Sch\u00e4den an Pflanzen, B\u00e4umen, Blumenbeeten und Campingm\u00f6beln.<\/span><\/li>\n\n\n\n<li><strong><span>Befestigen Sie nichts am Zaun des Campingplatzes<\/span><\/strong><span>\u00a0(z. B. Schattent\u00fccher, Abspannseile usw.). Auf Stellpl\u00e4tzen mit Meerblick darf die gr\u00fcne Windschutzplane nur auf Pfosten des Kunden angebracht werden, die mindestens 10 cm vom Zaun entfernt sind und niedriger oder h\u00f6chstens gleich hoch sein m\u00fcssen. Gleiches gilt f\u00fcr Abdeckungen, die maximal 10 cm vom Wohnwagen\/Wohnmobil\/Zelt entfernt angebracht werden d\u00fcrfen.<\/span><\/li>\n<\/ul>\n<\/div>\n\n\n\n<div class=\"wp-block-column is-layout-flow wp-block-column-is-layout-flow\">\n<ul class=\"wp-block-list\">\n<li><strong><span>Befestigen Sie<\/span><\/strong><span>\u00a0Dr\u00e4hte, H\u00e4ngematten oder andere Gegenst\u00e4nde an den Zaunpfosten und Laternenpf\u00e4hlen Ihres Campingplatzes.<\/span><\/li>\n\n\n\n<li><strong><span>Z\u00e4une d\u00fcrfen<\/span><\/strong><span>\u00a0eine H\u00f6he von 100 Zentimetern nicht \u00fcberschreiten und m\u00fcssen aus feuerfestem Material bestehen (z.B. KEIN Schilf).<\/span><\/li>\n\n\n\n<li><strong><span>Verkehr mit Fahrzeugen<\/span><\/strong><span>\u00a0von 13:00 bis 16:00 Uhr und von 20:00 bis 8:00 Uhr (halten Sie die oben angegebenen Zeiten f\u00fcr den Verkehr mit Fahrzeugen NUR w\u00e4hrend des Check-ins\/Check-outs ein).<\/span><\/li>\n\n\n\n<li><strong><span>Die Nutzung von Fernseher, Radio oder Musikinstrumenten<\/span><\/strong><span>\u00a0mit hoher Lautst\u00e4rke, wodurch andere Bewohner gest\u00f6rt werden, insbesondere w\u00e4hrend der Ruhezeiten (0:00 \u2013 07:00 Uhr\/13:00 \u2013 16:00 Uhr).<\/span><\/li>\n\n\n\n<li><strong><span>Den Stellplatz in einem unansehnlichen Zustand hinterlassen<\/span><\/strong><span>\u00a0(sowohl w\u00e4hrend des Aufenthalts als auch beim Verlassen des Campingplatzes).<\/span><\/li>\n<\/ul>\n<\/div>\n<\/div>\n\n<div class=\"wp-block-group is-nowrap is-layout-flex wp-container-core-group-is-layout-6c531013 wp-block-group-is-layout-flex\">\n<figure class=\"wp-block-image size-large is-resized wp-duotone-unset-3\"><img decoding=\"async\" src=\"data:image\/svg+xml;base64,PHN2ZyB4bWxucz0iaHR0cDovL3d3dy53My5vcmcvMjAwMC9zdmciIHdpZHRoPSIyNCIgaGVpZ2h0PSIyNCIgdmlld0JveD0iMCAwIDI0IDI0Ij48cGF0aCBmaWxsPSIjMzI1MTlmIiBkPSJNMTEgMTdoMnYtNmgtMnptMS04cS40MjUgMCAuNzEzLS4yODhUMTMgOHQtLjI4OC0uNzEyVDEyIDd0LS43MTIuMjg4VDExIDh0LjI4OC43MTNUMTIgOW0wIDEzcS0yLjA3NSAwLTMuOS0uNzg4dC0zLjE3NS0yLjEzN1QyLjc4OCAxNS45VDIgMTJ0Ljc4OC0zLjl0Mi4xMzctMy4xNzVUOC4xIDIuNzg4VDEyIDJ0My45Ljc4OHQzLjE3NSAyLjEzN1QyMS4yMTMgOC4xVDIyIDEydC0uNzg4IDMuOXQtMi4xMzcgMy4xNzV0LTMuMTc1IDIuMTM4VDEyIDIyIi8+PC9zdmc+\" alt=\"\" style=\"object-fit:cover;width:64px;height:64px\"\/><\/figure>\n\n\n\n<h2 class=\"wp-block-heading\" style=\"text-transform:none\">Weitere Empfehlungen<\/h2>\n<\/div>\n\n<div class=\"wp-block-columns is-layout-flex wp-container-core-columns-is-layout-28f84493 wp-block-columns-is-layout-flex\">\n<div class=\"wp-block-column is-layout-flow wp-block-column-is-layout-flow\">\n<ul class=\"wp-block-list\">\n<li><strong><span>Die G\u00e4ste werden gebeten<\/span><\/strong><span>\u00a0, auf Hygiene und Sauberkeit zu achten, indem sie die Badezimmer und Toiletten des Campingplatzes ordnungsgem\u00e4\u00df benutzen und die bereitgestellten Beh\u00e4lter f\u00fcr die Abfallentsorgung verwenden. \u00a0<\/span><\/li>\n\n\n\n<li><strong><span>Dem Kunden wird<\/span><\/strong><span>\u00a0der gesamte gebuchte Aufenthalt in Rechnung gestellt, Verz\u00f6gerungen am Anreisetag oder Vorverlegungen am Abreisetag werden dennoch als tats\u00e4chliche Anwesenheitstage berechnet.<\/span><\/li>\n\n\n\n<li><strong><span>Der Saisonsaldo<\/span><\/strong><span>\u00a0muss bis sp\u00e4testens 10. August bezahlt werden.<\/span><\/li>\n\n\n\n<li><strong><span>Auch wenn das Wohnmobil\/der Wohnwagen\/das Zelt leer bleibt,<\/span><\/strong><span>\u00a0werden die Tageskosten f\u00fcr den Stellplatz plus eine Person berechnet.<\/span><\/li>\n\n\n\n<li><strong><span>Die G\u00e4ste m\u00fcssen<\/span><\/strong><span>\u00a0am Abreisetag beim Gastgeber bezahlen oder sich den Betrag vom Gastgeber bezahlen lassen. Eine sp\u00e4tere Abbuchung vom Konto des Gastgebers ist nicht m\u00f6glich.<\/span><\/li>\n\n\n\n<li><strong><span>Pro Saisonhund<\/span><\/strong><span>\u00a0fallen Kosten von 400,00 \u20ac an, pro Halbsaisonhund von 250,00 \u20ac, die Tageskosten betragen im Apartment 10,00 \u20ac und auf dem Campingplatz 7,00 \u20ac in der Nebensaison und 10,00 \u20ac in der Mittel- und Hochsaison.<\/span><\/li>\n\n\n\n<li><span>Zur Reinigung der\u00a0<\/span><strong><span>Chemietoiletten<\/span><\/strong><span>\u00a0ist die Nutzung der entsprechenden Einrichtungen in der N\u00e4he der Toiletten zwingend erforderlich.<\/span><\/li>\n\n\n\n<li><strong><span>Bitte gehen Sie<\/span><\/strong><span>\u00a0mit dem vom Campingplatz bereitgestellten Trinkwasser bewusst und sparsam um (es darf nicht zum Waschen von Zelten, Kochnischen, Veranden, Autos und anderem Zubeh\u00f6r verwendet werden).<\/span><\/li>\n<\/ul>\n<\/div>\n\n\n\n<div class=\"wp-block-column is-layout-flow wp-block-column-is-layout-flow\">\n<ul class=\"wp-block-list\">\n<li><strong><span>Wir erinnern Sie au\u00dferdem daran, auf die den G\u00e4sten zur Verf\u00fcgung stehende Ausr\u00fcstung zu achten<\/span><\/strong><span>\u00a0und Kinder am Strand, auf dem Spielplatz und bei Unterhaltungsaktivit\u00e4ten zu beaufsichtigen.<\/span><\/li>\n\n\n\n<li><strong><span>Der Parkplatz ist nicht bewacht<\/span><\/strong><span>\u00a0. Die Gesch\u00e4ftsleitung \u00fcbernimmt daher keine Haftung f\u00fcr Diebst\u00e4hle oder Sch\u00e4den wie Kratzer und Dellen.<\/span><\/li>\n\n\n\n<li>Die Richtung und die Kasse \u00f6ffnen zwischen 8:00 und 13:00 Uhr und zwischen 16:00 und 20:00 Uhr.<\/li>\n\n\n\n<li><strong><span>Das Eingangstor ist<\/span><\/strong><span>\u00a0von 7:00 bis 24:00 Uhr ge\u00f6ffnet. Die Zufahrt zum Campingplatz ist stets \u00fcber einen Fu\u00dfg\u00e4nger\u00fcberweg gew\u00e4hrleistet.<\/span><\/li>\n\n\n\n<li><strong><span>Bei n\u00e4chtlichen Notf\u00e4llen<\/span><\/strong><span>\u00a0wenden Sie sich bitte an den Wachmann.<\/span><\/li>\n\n\n\n<li><strong><span>Jeder Gast ist verpflichtet<\/span><\/strong><span>\u00a0, sein Eigentum sorgf\u00e4ltig zu bewachen. Die Gesch\u00e4ftsleitung lehnt jede Verantwortung im Falle von Diebstahl, Vandalismus oder Sachsch\u00e4den durch Dritte ab.<\/span><\/li>\n\n\n\n<li><strong><span>Auf dem Campingplatz gefundene Gegenst\u00e4nde<\/span><\/strong><span>\u00a0m\u00fcssen der Gesch\u00e4ftsleitung \u00fcbergeben werden.<\/span><\/li>\n\n\n\n<li><strong><span>Au\u00dfer bei der Deckung von Haftpflichtrisiken Dritter<\/span><\/strong><span>\u00a0oder im Falle einer nachgewiesenen direkten Verantwortung der Leitung und\/oder des Personals haftet die Verwaltung nicht f\u00fcr Sch\u00e4den infolge au\u00dfergew\u00f6hnlicher Naturereignisse, Sch\u00e4den durch herabfallende \u00c4ste, Diebst\u00e4hle, Sch\u00e4den\/Unf\u00e4lle durch unsachgem\u00e4\u00dfe Verwendung von Fahrzeugen\/Ger\u00e4ten und fahrl\u00e4ssiges Verhalten.<\/span><\/li>\n\n\n\n<li><strong><span>Die G\u00e4ste werden au\u00dferdem gebeten<\/span><\/strong><span>\u00a0, alle Empfehlungen der Gesch\u00e4ftsleitung in bestimmten Situationen zu respektieren. Wer sich nicht daran h\u00e4lt, wird umgehend vom Campingplatz verwiesen.<\/span><\/li>\n<\/ul>\n<\/div>\n<\/div>\n\n<hr class=\"wp-block-separator has-alpha-channel-opacity is-style-wide\"\/>\n\n<div class=\"wp-block-group is-nowrap is-layout-flex wp-container-core-group-is-layout-6c531013 wp-block-group-is-layout-flex\">\n<figure class=\"wp-block-image size-large is-resized wp-duotone-unset-4\"><img decoding=\"async\" src=\"data:image\/svg+xml;base64,PHN2ZyB4bWxucz0iaHR0cDovL3d3dy53My5vcmcvMjAwMC9zdmciIHdpZHRoPSI1MTIiIGhlaWdodD0iNTEyIiB2aWV3Qm94PSIwIDAgNTEyIDUxMiI+PHBhdGggZmlsbD0iIzMyNTE5ZiIgZD0ibTIzMS42IDE2LjE4bDE2LjcgMTIwLjAybDczLjggMjAuNWMzNy4zLTExLjIgNzguNS0xOC4yIDEwMi4zLTQzLjZjOS43LTEwLjMgMTcuMi0yNC43OCA5LjEtMzcuOTJsLTc1LjMgMi4yMmwtMTQuNi0zMS43OWgtNzQuN2MtNy43LTExLjcxLTIyLjgtMjAuNDYtMzcuMy0yOS40M201LjcgMTQ1LjIyYy00Ni45IDE5LjgtMTEwLjEgMTQ2LjMtMTExLjggMjc2LjVjLTM0LjAyLTU4LjEtMjQuOS0xMjIuNi0yLjktMjAyLjZDNTUuMzEgMjg3IDQuNzMyIDQ0OC40IDEzMy4xIDQ4Ni45SDM0NnMtNi4zLTIxLjUtMTQuMS0yOC45Yy0xMi43LTEyLTQ4LjItMjAuMi00OC4yLTIwLjJjMjcuOC0zOS4yIDMzLjUtNzEuNyAzOC42LTEwMy45YzQuNSA1OS44IDQwLjcgMTI2LjggNTcuNCAxNTNoNzYuNXM0LjYtMTUuOS4yLTIxLjVjLTEwLjktMTMuOC01MS4zLTExLjktNTEuMy0xMS45Yy0zMS4xLTEwNy4yLTQ2LjMtMjYwLjItOTAtMjczLjJjLTIxLjctNi41LTU0LjMtMTQuMS03Ny44LTE4LjkiLz48L3N2Zz4=\" alt=\"\" style=\"object-fit:cover;width:64px;height:64px\"\/><\/figure>\n\n\n\n<h2 class=\"wp-block-heading\" style=\"text-transform:none\">Hunde-Regelung<\/h2>\n<\/div>\n\n<p>Ich kann sono sono unter der Leitung und der einzigen Verantwortung des Eigent\u00fcmers des Zuckerrohrs.<\/p>\n\n<p>Diese letzten Monate, nachdem ich den zweiten Klaviertarif angenommen hatte, zeigten immer den Moment der Vormerkung an und hielten das ganze Jahr \u00fcber an, im Falle von Aggressivit\u00e4t, mit dem Museruola und all&#8217;interno della piazzola.<\/p>\n\n<p>Der Eigent\u00fcmer ist verpflichtet, das Tierheim mit seinen eigenen Tieren zu versorgen, den ganzen Tag auf dem Campingplatz zu begleiten, bis er die Krankheit kennt (vorausgesetzt, dass er die Sportarten sofort abbauen kann), und versichert, dass er nicht \u00fcber die Toiletten schwebt oder die Mietwohnungen vermietet und diese nicht st\u00f6rt Weitere Unterk\u00fcnfte auf dem Campingplatz, um andere Pl\u00e4tze zu \u00fcberfallen.<\/p>\n\n<p>Es ist mir nicht m\u00f6glich, nur einen Hund allein zu lassen, weder auf der Piazza noch in der Wohnung.<\/p>\n\n<p>Negli appartamenti \u00e8 permesso accogliere solo une cane di big taglia. Wenn Sie die Richtung w\u00e4hlen, wenden Sie sich bitte an bestimmte Situationen.<\/p>\n\n<p>Die Liegepl\u00e4tze f\u00fcr Hunde sind nicht \u00fcber 120 cm hoch. Sie waren pl\u00f6tzlich nicht mehr in der Lage, den Campingplatz sofort zu besuchen. Die Richtung liegt nicht in der Verantwortung f\u00fcr eventuelle Aggressionen durch Hunde oder Episoden von Unh\u00f6flichkeit gegen\u00fcber dem Eigent\u00fcmer im Innenbereich und den Fuori della Struttura (Strandbau und Au\u00dfengel\u00e4nde des Campingplatzes).<\/p>\n\n<div class=\"wp-block-group has-background is-layout-flow wp-block-group-is-layout-flow\" style=\"background-color:#7db53333;padding-top:var(--wp--preset--spacing--30);padding-right:var(--wp--preset--spacing--30);padding-bottom:var(--wp--preset--spacing--30);padding-left:var(--wp--preset--spacing--30)\">\n<h3 class=\"wp-block-heading\" style=\"text-transform:none\">Hunde-Strand-Regelung<\/h3>\n\n\n\n<ul class=\"wp-block-list\">\n<li>In diesem Vortrag wurde ein Blick auf die Augen mit Ombrelloni und Buchstaben geworfen, und die Hunde konnten sich keine Sorgen machen, im Falle der Aggressivit\u00e4t mit der Muse.<\/li>\n\n\n\n<li>Ich kann es nicht zulassen, dass ich meine Camping-Reiseziele betrete.<\/li>\n\n\n\n<li>Ich kann in der Lage sein, in der Arbeit mit der Aufsichtsbeh\u00f6rde und in der Verantwortung des Eigent\u00fcmers freie Hand zu lassen und ihnen die n\u00f6tige Freiheit zu geben deiezioni.<\/li>\n<\/ul>\n<\/div>\n\n<p>Wir freuen uns \u00fcber die Zusammenarbeit und freuen uns \u00fcber ein dauerhaftes Gl\u00fcck.<\/p>\n\n<p>La Direzione Campingplatz Bocche d\u2019Albegna<\/p>\n\n<p class=\"has-text-align-center has-large-font-size\" style=\"font-style:normal;font-weight:100\">Wir freuen uns \u00fcber die Zusammenarbeit und freuen uns \u00fcber ein dauerhaftes Gl\u00fcck.<\/p>\n\n<p class=\"has-text-align-center\">La Direzione Campingplatz Bocche d\u2019Albegna<\/p>\n","protected":false},"excerpt":{"rendered":"<p>Allgemeine Vorschriften Es ist sehr vietato Weitere Empfehlungen Hunde-Regelung Ich kann sono sono unter der Leitung und der einzigen Verantwortung des Eigent\u00fcmers des Zuckerrohrs. Diese letzten Monate, nachdem ich den zweiten Klaviertarif angenommen hatte, zeigten immer den Moment der Vormerkung an und hielten das ganze Jahr \u00fcber an, im Falle von Aggressivit\u00e4t, mit dem Museruola [&hellip;]<\/p>\n","protected":false},"author":1,"featured_media":595,"parent":0,"menu_order":12,"comment_status":"open","ping_status":"open","template":"","meta":{"footnotes":""},"class_list":["post-1798","page","type-page","status-publish","has-post-thumbnail","hentry"],"jetpack_sharing_enabled":true,"_links":{"self":[{"href":"https:\/\/bocchedalbegna.com\/de\/wp-json\/wp\/v2\/pages\/1798","targetHints":{"allow":["GET"]}}],"collection":[{"href":"https:\/\/bocchedalbegna.com\/de\/wp-json\/wp\/v2\/pages"}],"about":[{"href":"https:\/\/bocchedalbegna.com\/de\/wp-json\/wp\/v2\/types\/page"}],"author":[{"embeddable":true,"href":"https:\/\/bocchedalbegna.com\/de\/wp-json\/wp\/v2\/users\/1"}],"replies":[{"embeddable":true,"href":"https:\/\/bocchedalbegna.com\/de\/wp-json\/wp\/v2\/comments?post=1798"}],"version-history":[{"count":1,"href":"https:\/\/bocchedalbegna.com\/de\/wp-json\/wp\/v2\/pages\/1798\/revisions"}],"predecessor-version":[{"id":1800,"href":"https:\/\/bocchedalbegna.com\/de\/wp-json\/wp\/v2\/pages\/1798\/revisions\/1800"}],"wp:featuredmedia":[{"embeddable":true,"href":"https:\/\/bocchedalbegna.com\/de\/wp-json\/wp\/v2\/media\/595"}],"wp:attachment":[{"href":"https:\/\/bocchedalbegna.com\/de\/wp-json\/wp\/v2\/media?parent=1798"}],"curies":[{"name":"wp","href":"https:\/\/api.w.org\/{rel}","templated":true}]}}