{"id":82,"date":"2010-12-20T19:59:16","date_gmt":"2010-12-20T19:59:16","guid":{"rendered":"https:\/\/bocchedalbegna.com\/new\/2010\/12\/20\/kontakt\/"},"modified":"2025-02-07T14:43:38","modified_gmt":"2025-02-07T14:43:38","slug":"kontakt","status":"publish","type":"page","link":"https:\/\/bocchedalbegna.com\/de\/kontakt\/","title":{"rendered":"Kontakt"},"content":{"rendered":"\n<div class=\"wp-block-group has-background has-global-padding is-layout-constrained wp-container-core-group-is-layout-23b1a4dc wp-block-group-is-layout-constrained\" style=\"background-color:#7db53330;padding-top:var(--wp--preset--spacing--30);padding-right:var(--wp--preset--spacing--30);padding-bottom:var(--wp--preset--spacing--30);padding-left:var(--wp--preset--spacing--30)\">\n<h3 class=\"wp-block-heading has-text-align-center\" style=\"text-transform:capitalize\">Loc. Torre Saline 58010 Albinia (GR)<\/h3>\n\n\n\n<div class=\"wp-block-group is-horizontal is-content-justification-center is-nowrap is-layout-flex wp-container-core-group-is-layout-7f68e838 wp-block-group-is-layout-flex\">\n<figure class=\"wp-block-image size-large is-resized wp-duotone-32519f-ffffff-1\"><img decoding=\"async\" src=\"data:image\/svg+xml,%3Csvg xmlns=&quot;http%3A%2F%2Fwww.w3.org%2F2000%2Fsvg&quot; width=&quot;24&quot; height=&quot;24&quot; viewBox=&quot;0 0 24 24&quot;%3E%3Cpath fill=&quot;currentColor&quot; d=&quot;M6.62 10.79c1.44 2.83 3.76 5.14 6.59 6.59l2.2-2.2c.27-.27.67-.36 1.02-.24c1.12.37 2.33.57 3.57.57c.55 0 1 .45 1 1V20c0 .55-.45 1-1 1c-9.39 0-17-7.61-17-17c0-.55.45-1 1-1h3.5c.55 0 1 .45 1 1c0 1.25.2 2.45.57 3.57c.11.35.03.74-.25 1.02l-2.2 2.2z&quot;%2F%3E%3C%2Fsvg%3E\" alt=\"\" style=\"width:40px;height:undefinedpx\"\/><\/figure>\n\n\n\n<p class=\"has-text-align-left has-contrast-color has-text-color\" style=\"font-size:clamp(30.232px, 1.89rem + ((1vw - 3.2px) * 2.587), 53px);font-style:normal;font-weight:100\">+39 0564 870097<\/p>\n<\/div>\n\n\n\n<div class=\"wp-block-group is-horizontal is-content-justification-center is-nowrap is-layout-flex wp-container-core-group-is-layout-7f68e838 wp-block-group-is-layout-flex\">\n<figure class=\"wp-block-image size-large is-resized wp-duotone-7cb433-ffffff-2\"><img decoding=\"async\" src=\"data:image\/svg+xml,%3Csvg xmlns=&quot;http%3A%2F%2Fwww.w3.org%2F2000%2Fsvg&quot; width=&quot;24&quot; height=&quot;24&quot; viewBox=&quot;0 0 24 24&quot;%3E%3Cpath fill=&quot;currentColor&quot; d=&quot;M4 20q-.825 0-1.413-.588T2 18V6q0-.825.588-1.413T4 4h16q.825 0 1.413.588T22 6v12q0 .825-.588 1.413T20 20H4Zm8-7L4 8v10h16V8l-8 5Zm0-2l8-5H4l8 5ZM4 8V6v12V8Z&quot;%2F%3E%3C%2Fsvg%3E\" alt=\"\" style=\"width:40px;height:undefinedpx\"\/><\/figure>\n\n\n\n<p class=\"has-text-align-left\"><a href=\"mailto:info@bocchedalbegna.com\">info@bocchedalbegna.com<\/a><\/p>\n\n\n\n<p class=\"has-secondary-color has-text-color has-link-color has-medium-font-size wp-elements-df253e3ab6ad6692c66ba249b37193e6\"><strong>CIN<\/strong>: IT053018B4CBMZJB6S<\/p>\n<\/div>\n<\/div>\n\n<iframe style=\"width:100%; height:80vh;\" src=\"https:\/\/www.google.com\/maps\/embed?pb=!1m18!1m12!1m3!1d14824.831334779807!2d11.18624075611852!3d42.49964622134852!2m3!1f0!2f0!3f0!3m2!1i1024!2i768!4f13.1!3m3!1m2!1s0x13285045bc347ad3%3A0x4afea549c2708db7!2sCamping%20Village%20Bocche%20D'Albegna!5e0!3m2!1sit!2sit!4v1689161964667!5m2!1sit!2sit\" width=\"600\" height=\"450\" allowfullscreen=\"\" loading=\"lazy\" referrerpolicy=\"no-referrer-when-downgrade\"><\/iframe>\r\n\n<div style=\"height:100px\" aria-hidden=\"true\" class=\"wp-block-spacer\"><\/div>\n\n<h2 class=\"wp-block-heading\" style=\"text-transform:none\">Wie erreiche ich den Campingplatz?<\/h2>\n\n<p>Ganz einfach: Es liegt im Zentrum der Maremma, am <strong>Km. 150 der Kreuzung S.S. Aurelia<\/strong> nach <strong>Porto Santo Stefano<\/strong>, nehmen Sie die Provinzstra\u00dfe <strong>Giannella<\/strong> f\u00fcr nur 500m. Sie sind angekommen: sch\u00f6ne Feiertage!<\/p>\n\n<div class=\"wp-block-group has-background has-global-padding is-layout-constrained wp-block-group-is-layout-constrained\" style=\"background-color:#7cb43330;padding-top:var(--wp--preset--spacing--30);padding-bottom:var(--wp--preset--spacing--30)\">\n<p class=\"has-text-align-center\"><strong>COORDINATE GPS<\/strong>: 42\u00b030\u201900\u2019\u2019N \/ 11\u00b011\u201939\u2019\u2019E<\/p>\n<\/div>\n\n<p>Das Reservierungs-\/Informationsb\u00fcro (in der Zeit etwa von Ostern bis Ende September) ist zu folgenden Zeiten von 8.00 bis 20.00 Uhr ge\u00f6ffnet.<\/p>\n\n<p>Im Winter ist es m\u00f6glich, E-Mails mit Angebotsanfragen an <a href=\"mailto:info@bocchedalbegna.com,\">info@bocchedalbegna.com<\/a> zu senden. Sobald unsere B\u00fcros wieder betriebsbereit sind, werden wir dies tun Beantworten Sie Ihre Anfragen.<\/p>\n\n<p>Die Rezeption\/Kasse ist zu folgenden Zeiten von 8.00 bis 13.00 Uhr und von 15.00 bis 19.30 Uhr besetzt. Die Check-in-Zeit f\u00fcr die Apartments ist von 16:00 Uhr am Anreisetag bis 20:00 Uhr, der Check-out bis 10:00 Uhr am Abreisetag.<\/p>\n\n<p>Check-in-Stellpl\u00e4tze bis 19:30 Uhr, Check-out bis 12:00 Uhr.<\/p>\n","protected":false},"excerpt":{"rendered":"<p>Loc. Torre Saline 58010 Albinia (GR) +39 0564 870097 info@bocchedalbegna.com CIN: IT053018B4CBMZJB6S Wie erreiche ich den Campingplatz? Ganz einfach: Es liegt im Zentrum der Maremma, am Km. 150 der Kreuzung S.S. Aurelia nach Porto Santo Stefano, nehmen Sie die Provinzstra\u00dfe Giannella f\u00fcr nur 500m. Sie sind angekommen: sch\u00f6ne Feiertage! COORDINATE GPS: 42\u00b030\u201900\u2019\u2019N \/ 11\u00b011\u201939\u2019\u2019E Das [&hellip;]<\/p>\n","protected":false},"author":1,"featured_media":595,"parent":0,"menu_order":42,"comment_status":"open","ping_status":"open","template":"","meta":{"footnotes":""},"class_list":["post-82","page","type-page","status-publish","has-post-thumbnail","hentry"],"jetpack_sharing_enabled":true,"_links":{"self":[{"href":"https:\/\/bocchedalbegna.com\/de\/wp-json\/wp\/v2\/pages\/82","targetHints":{"allow":["GET"]}}],"collection":[{"href":"https:\/\/bocchedalbegna.com\/de\/wp-json\/wp\/v2\/pages"}],"about":[{"href":"https:\/\/bocchedalbegna.com\/de\/wp-json\/wp\/v2\/types\/page"}],"author":[{"embeddable":true,"href":"https:\/\/bocchedalbegna.com\/de\/wp-json\/wp\/v2\/users\/1"}],"replies":[{"embeddable":true,"href":"https:\/\/bocchedalbegna.com\/de\/wp-json\/wp\/v2\/comments?post=82"}],"version-history":[{"count":5,"href":"https:\/\/bocchedalbegna.com\/de\/wp-json\/wp\/v2\/pages\/82\/revisions"}],"predecessor-version":[{"id":1785,"href":"https:\/\/bocchedalbegna.com\/de\/wp-json\/wp\/v2\/pages\/82\/revisions\/1785"}],"wp:featuredmedia":[{"embeddable":true,"href":"https:\/\/bocchedalbegna.com\/de\/wp-json\/wp\/v2\/media\/595"}],"wp:attachment":[{"href":"https:\/\/bocchedalbegna.com\/de\/wp-json\/wp\/v2\/media?parent=82"}],"curies":[{"name":"wp","href":"https:\/\/api.w.org\/{rel}","templated":true}]}}