{"id":85,"date":"2023-05-04T08:55:49","date_gmt":"2023-05-04T08:55:49","guid":{"rendered":"https:\/\/bocchedalbegna.com\/new\/2010\/12\/20\/der-campingplatz\/"},"modified":"2026-01-19T09:33:13","modified_gmt":"2026-01-19T09:33:13","slug":"der-campingplatz","status":"publish","type":"page","link":"https:\/\/bocchedalbegna.com\/de\/der-campingplatz\/","title":{"rendered":"Der campingplatz"},"content":{"rendered":"\n<p>Auf einer Landzunge, die vollst\u00e4ndig vom Meer umgeben ist, im Zentrum des nat\u00fcrlichen Golfs, der durch die Vorgebirge von Talamone und Argentario entstanden ist, am Rande eines duftenden Kiefernwaldes, hei\u00dft Sie das Campingdorf \u201eBocche d&#8217;Albegna\u201c willkommen.<\/p>\n\n<div class=\"wp-block-group has-global-padding is-content-justification-center is-layout-constrained wp-container-core-group-is-layout-228bd33a wp-block-group-is-layout-constrained\">\n<h2 class=\"wp-block-heading has-text-align-center\" style=\"text-transform:capitalize\">Karte<\/h2>\n\n\n\n<div class=\"wp-block-group alignwide is-layout-flow wp-block-group-is-layout-flow\">\n<div><iframe loading=\"lazy\" src=\"https:\/\/bocchedalbegna.com\/map\/index.html\" width=\"1280\" height=\"600\" style=\"width:100%; height:80vh; border:none; margin:0 auto;\"><\/iframe><\/div>\r\n<\/div>\n<\/div>\n\n<div class=\"wp-block-file aligncenter\"><a id=\"wp-block-file--media-5282c9a8-989f-44e8-9032-603ab602c3ef\" href=\"https:\/\/bocchedalbegna.com\/wp-content\/uploads\/2023\/07\/bocchedalbegna-camping-map-scaled.jpg\">Campingkarte<\/a><a href=\"https:\/\/bocchedalbegna.com\/wp-content\/uploads\/2023\/07\/bocchedalbegna-camping-map-scaled.jpg\" class=\"wp-block-file__button wp-element-button\" download=\"\" aria-describedby=\"wp-block-file--media-5282c9a8-989f-44e8-9032-603ab602c3ef\">Download<\/a><\/div>\n\n<figure class=\"wp-block-gallery has-nested-images columns-default is-cropped wp-block-gallery-1 is-layout-flex wp-block-gallery-is-layout-flex\">\n<figure class=\"wp-block-image size-large\"><a href=\"https:\/\/bocchedalbegna.com\/wp-content\/uploads\/2023\/07\/camping_bocchedalbegna-150523.jpg\"><img loading=\"lazy\" decoding=\"async\" width=\"1024\" height=\"683\" data-id=\"607\" src=\"https:\/\/bocchedalbegna.com\/wp-content\/uploads\/2023\/07\/camping_bocchedalbegna-150523-1024x683.jpg\" alt=\"\" class=\"wp-image-607\" srcset=\"https:\/\/bocchedalbegna.com\/wp-content\/uploads\/2023\/07\/camping_bocchedalbegna-150523-1024x683.jpg 1024w, https:\/\/bocchedalbegna.com\/wp-content\/uploads\/2023\/07\/camping_bocchedalbegna-150523-300x200.jpg 300w, https:\/\/bocchedalbegna.com\/wp-content\/uploads\/2023\/07\/camping_bocchedalbegna-150523-768x512.jpg 768w, https:\/\/bocchedalbegna.com\/wp-content\/uploads\/2023\/07\/camping_bocchedalbegna-150523-1536x1024.jpg 1536w, https:\/\/bocchedalbegna.com\/wp-content\/uploads\/2023\/07\/camping_bocchedalbegna-150523.jpg 1600w\" sizes=\"auto, (max-width: 1024px) 100vw, 1024px\" \/><\/a><\/figure>\n\n\n\n<figure class=\"wp-block-image size-large\"><a href=\"https:\/\/bocchedalbegna.com\/wp-content\/uploads\/2023\/07\/camping_bocchedalbegna-150523-2-1.jpg\"><img loading=\"lazy\" decoding=\"async\" width=\"1024\" height=\"683\" data-id=\"614\" src=\"https:\/\/bocchedalbegna.com\/wp-content\/uploads\/2023\/07\/camping_bocchedalbegna-150523-2-1-1024x683.jpg\" alt=\"\" class=\"wp-image-614\" srcset=\"https:\/\/bocchedalbegna.com\/wp-content\/uploads\/2023\/07\/camping_bocchedalbegna-150523-2-1-1024x683.jpg 1024w, https:\/\/bocchedalbegna.com\/wp-content\/uploads\/2023\/07\/camping_bocchedalbegna-150523-2-1-300x200.jpg 300w, https:\/\/bocchedalbegna.com\/wp-content\/uploads\/2023\/07\/camping_bocchedalbegna-150523-2-1-768x512.jpg 768w, https:\/\/bocchedalbegna.com\/wp-content\/uploads\/2023\/07\/camping_bocchedalbegna-150523-2-1-1536x1024.jpg 1536w, https:\/\/bocchedalbegna.com\/wp-content\/uploads\/2023\/07\/camping_bocchedalbegna-150523-2-1.jpg 1600w\" sizes=\"auto, (max-width: 1024px) 100vw, 1024px\" \/><\/a><\/figure>\n\n\n\n<figure class=\"wp-block-image size-large\"><a href=\"https:\/\/bocchedalbegna.com\/wp-content\/uploads\/2023\/07\/camping_bocchedalbegna-150523-3.jpg\"><img loading=\"lazy\" decoding=\"async\" width=\"1024\" height=\"683\" data-id=\"624\" src=\"https:\/\/bocchedalbegna.com\/wp-content\/uploads\/2023\/07\/camping_bocchedalbegna-150523-3-1024x683.jpg\" alt=\"\" class=\"wp-image-624\" srcset=\"https:\/\/bocchedalbegna.com\/wp-content\/uploads\/2023\/07\/camping_bocchedalbegna-150523-3-1024x683.jpg 1024w, https:\/\/bocchedalbegna.com\/wp-content\/uploads\/2023\/07\/camping_bocchedalbegna-150523-3-300x200.jpg 300w, https:\/\/bocchedalbegna.com\/wp-content\/uploads\/2023\/07\/camping_bocchedalbegna-150523-3-768x512.jpg 768w, https:\/\/bocchedalbegna.com\/wp-content\/uploads\/2023\/07\/camping_bocchedalbegna-150523-3-1536x1024.jpg 1536w, https:\/\/bocchedalbegna.com\/wp-content\/uploads\/2023\/07\/camping_bocchedalbegna-150523-3.jpg 1600w\" sizes=\"auto, (max-width: 1024px) 100vw, 1024px\" \/><\/a><\/figure>\n\n\n\n<figure class=\"wp-block-image size-large\"><a href=\"https:\/\/bocchedalbegna.com\/wp-content\/uploads\/2023\/07\/camping_bocchedalbegna-150523-4.jpg\"><img loading=\"lazy\" decoding=\"async\" width=\"1024\" height=\"683\" data-id=\"618\" src=\"https:\/\/bocchedalbegna.com\/wp-content\/uploads\/2023\/07\/camping_bocchedalbegna-150523-4-1024x683.jpg\" alt=\"\" class=\"wp-image-618\" srcset=\"https:\/\/bocchedalbegna.com\/wp-content\/uploads\/2023\/07\/camping_bocchedalbegna-150523-4-1024x683.jpg 1024w, https:\/\/bocchedalbegna.com\/wp-content\/uploads\/2023\/07\/camping_bocchedalbegna-150523-4-300x200.jpg 300w, https:\/\/bocchedalbegna.com\/wp-content\/uploads\/2023\/07\/camping_bocchedalbegna-150523-4-768x512.jpg 768w, https:\/\/bocchedalbegna.com\/wp-content\/uploads\/2023\/07\/camping_bocchedalbegna-150523-4-1536x1024.jpg 1536w, https:\/\/bocchedalbegna.com\/wp-content\/uploads\/2023\/07\/camping_bocchedalbegna-150523-4.jpg 1600w\" sizes=\"auto, (max-width: 1024px) 100vw, 1024px\" \/><\/a><\/figure>\n\n\n\n<figure class=\"wp-block-image size-large\"><a href=\"https:\/\/bocchedalbegna.com\/wp-content\/uploads\/2023\/07\/camping_bocchedalbegna-150523-5-1.jpg\"><img loading=\"lazy\" decoding=\"async\" width=\"1024\" height=\"683\" data-id=\"620\" src=\"https:\/\/bocchedalbegna.com\/wp-content\/uploads\/2023\/07\/camping_bocchedalbegna-150523-5-1-1024x683.jpg\" alt=\"\" class=\"wp-image-620\" srcset=\"https:\/\/bocchedalbegna.com\/wp-content\/uploads\/2023\/07\/camping_bocchedalbegna-150523-5-1-1024x683.jpg 1024w, https:\/\/bocchedalbegna.com\/wp-content\/uploads\/2023\/07\/camping_bocchedalbegna-150523-5-1-300x200.jpg 300w, https:\/\/bocchedalbegna.com\/wp-content\/uploads\/2023\/07\/camping_bocchedalbegna-150523-5-1-768x512.jpg 768w, https:\/\/bocchedalbegna.com\/wp-content\/uploads\/2023\/07\/camping_bocchedalbegna-150523-5-1-1536x1024.jpg 1536w, https:\/\/bocchedalbegna.com\/wp-content\/uploads\/2023\/07\/camping_bocchedalbegna-150523-5-1.jpg 1600w\" sizes=\"auto, (max-width: 1024px) 100vw, 1024px\" \/><\/a><\/figure>\n\n\n\n<figure class=\"wp-block-image size-large\"><a href=\"https:\/\/bocchedalbegna.com\/wp-content\/uploads\/2023\/07\/camping_bocchedalbegna-150523-7.jpg\"><img loading=\"lazy\" decoding=\"async\" width=\"1024\" height=\"683\" data-id=\"611\" src=\"https:\/\/bocchedalbegna.com\/wp-content\/uploads\/2023\/07\/camping_bocchedalbegna-150523-7-1024x683.jpg\" alt=\"\" class=\"wp-image-611\" srcset=\"https:\/\/bocchedalbegna.com\/wp-content\/uploads\/2023\/07\/camping_bocchedalbegna-150523-7-1024x683.jpg 1024w, https:\/\/bocchedalbegna.com\/wp-content\/uploads\/2023\/07\/camping_bocchedalbegna-150523-7-300x200.jpg 300w, https:\/\/bocchedalbegna.com\/wp-content\/uploads\/2023\/07\/camping_bocchedalbegna-150523-7-768x512.jpg 768w, https:\/\/bocchedalbegna.com\/wp-content\/uploads\/2023\/07\/camping_bocchedalbegna-150523-7-1536x1024.jpg 1536w, https:\/\/bocchedalbegna.com\/wp-content\/uploads\/2023\/07\/camping_bocchedalbegna-150523-7.jpg 1600w\" sizes=\"auto, (max-width: 1024px) 100vw, 1024px\" \/><\/a><\/figure>\n\n\n\n<figure class=\"wp-block-image size-large\"><a href=\"https:\/\/bocchedalbegna.com\/wp-content\/uploads\/2023\/07\/camping_bocchedalbegna-150523-8-1.jpg\"><img loading=\"lazy\" decoding=\"async\" width=\"1024\" height=\"683\" data-id=\"603\" src=\"https:\/\/bocchedalbegna.com\/wp-content\/uploads\/2023\/07\/camping_bocchedalbegna-150523-8-1-1024x683.jpg\" alt=\"\" class=\"wp-image-603\" srcset=\"https:\/\/bocchedalbegna.com\/wp-content\/uploads\/2023\/07\/camping_bocchedalbegna-150523-8-1-1024x683.jpg 1024w, https:\/\/bocchedalbegna.com\/wp-content\/uploads\/2023\/07\/camping_bocchedalbegna-150523-8-1-300x200.jpg 300w, https:\/\/bocchedalbegna.com\/wp-content\/uploads\/2023\/07\/camping_bocchedalbegna-150523-8-1-768x512.jpg 768w, https:\/\/bocchedalbegna.com\/wp-content\/uploads\/2023\/07\/camping_bocchedalbegna-150523-8-1-1536x1024.jpg 1536w, https:\/\/bocchedalbegna.com\/wp-content\/uploads\/2023\/07\/camping_bocchedalbegna-150523-8-1.jpg 1600w\" sizes=\"auto, (max-width: 1024px) 100vw, 1024px\" \/><\/a><\/figure>\n\n\n\n<figure class=\"wp-block-image size-large\"><a href=\"https:\/\/bocchedalbegna.com\/wp-content\/uploads\/2023\/07\/camping_bocchedalbegna-150523-25.jpg\"><img loading=\"lazy\" decoding=\"async\" width=\"1024\" height=\"683\" data-id=\"600\" src=\"https:\/\/bocchedalbegna.com\/wp-content\/uploads\/2023\/07\/camping_bocchedalbegna-150523-25-1024x683.jpg\" alt=\"\" class=\"wp-image-600\" srcset=\"https:\/\/bocchedalbegna.com\/wp-content\/uploads\/2023\/07\/camping_bocchedalbegna-150523-25-1024x683.jpg 1024w, https:\/\/bocchedalbegna.com\/wp-content\/uploads\/2023\/07\/camping_bocchedalbegna-150523-25-300x200.jpg 300w, https:\/\/bocchedalbegna.com\/wp-content\/uploads\/2023\/07\/camping_bocchedalbegna-150523-25-768x512.jpg 768w, https:\/\/bocchedalbegna.com\/wp-content\/uploads\/2023\/07\/camping_bocchedalbegna-150523-25-1536x1024.jpg 1536w, https:\/\/bocchedalbegna.com\/wp-content\/uploads\/2023\/07\/camping_bocchedalbegna-150523-25.jpg 1600w\" sizes=\"auto, (max-width: 1024px) 100vw, 1024px\" \/><\/a><\/figure>\n\n\n\n<figure class=\"wp-block-image size-large\"><a href=\"https:\/\/bocchedalbegna.com\/wp-content\/uploads\/2023\/07\/camping_bocchedalbegna-150523-28.jpg\"><img loading=\"lazy\" decoding=\"async\" width=\"1024\" height=\"683\" data-id=\"605\" src=\"https:\/\/bocchedalbegna.com\/wp-content\/uploads\/2023\/07\/camping_bocchedalbegna-150523-28-1024x683.jpg\" alt=\"\" class=\"wp-image-605\" srcset=\"https:\/\/bocchedalbegna.com\/wp-content\/uploads\/2023\/07\/camping_bocchedalbegna-150523-28-1024x683.jpg 1024w, https:\/\/bocchedalbegna.com\/wp-content\/uploads\/2023\/07\/camping_bocchedalbegna-150523-28-300x200.jpg 300w, https:\/\/bocchedalbegna.com\/wp-content\/uploads\/2023\/07\/camping_bocchedalbegna-150523-28-768x512.jpg 768w, https:\/\/bocchedalbegna.com\/wp-content\/uploads\/2023\/07\/camping_bocchedalbegna-150523-28-1536x1024.jpg 1536w, https:\/\/bocchedalbegna.com\/wp-content\/uploads\/2023\/07\/camping_bocchedalbegna-150523-28.jpg 1600w\" sizes=\"auto, (max-width: 1024px) 100vw, 1024px\" \/><\/a><\/figure>\n<\/figure>\n\n<h3 class=\"wp-block-heading has-primary-color has-text-color\" style=\"text-transform:none\">The village<\/h3>\n\n<p>Da es in direktem Kontakt mit dem Meer steht, besteht es aus 113 Grundst\u00fccken von etwa 70 Quadratmetern. Das Grundst\u00fcck ist flach mit grasbewachsenem Boden, die inneren Stra\u00dfen sind geschottert und die Beschattung ist mittel und steil, erzeugt durch mittelgro\u00dfe B\u00e4ume.<\/p>\n\n<p>Die gemauerten Toiletten sind gefliest, beschmiert und verf\u00fcgen \u00fcber Warm-, Kalt- und Mischduschen. Das Wasser ist \u00fcberall trinkbar und k\u00fcrzlich im Einsatz befindliche elektrische und hydraulische Systeme garantieren maximale Sicherheit und Komfort. Ordentlichkeit, Entspannung und Sch\u00f6nheit dieses Ortes sind unser Luxus.<\/p>\n\n<p>Sauberkeit, Entspannung und Sch\u00f6nheit des Ortes sind unser Luxus.<\/p>\n\n<p><\/p>\n\n<h3 class=\"wp-block-heading has-primary-color has-text-color\" style=\"text-transform:none\">Dienstleistungen und Einrichtungen<\/h3>\n\n<div class=\"wp-block-group has-background is-layout-flow wp-block-group-is-layout-flow\" style=\"background-color:#31509e33;padding-top:var(--wp--preset--spacing--30);padding-right:var(--wp--preset--spacing--30);padding-bottom:var(--wp--preset--spacing--30);padding-left:var(--wp--preset--spacing--30)\">\n<div class=\"wp-block-columns is-layout-flex wp-container-core-columns-is-layout-28f84493 wp-block-columns-is-layout-flex\">\n<div class=\"wp-block-column is-layout-flow wp-block-column-is-layout-flow\">\n<div class=\"wp-block-group is-nowrap is-layout-flex wp-container-core-group-is-layout-6c531013 wp-block-group-is-layout-flex\">\n<figure class=\"wp-block-image size-large is-resized\"><img decoding=\"async\" src=\"data:image\/svg+xml,%3Csvg xmlns=&quot;http%3A%2F%2Fwww.w3.org%2F2000%2Fsvg&quot; width=&quot;24&quot; height=&quot;24&quot; viewBox=&quot;0 0 24 24&quot;%3E%3Cpath fill=&quot;none&quot; stroke=&quot;%233465ad&quot; stroke-width=&quot;2&quot; d=&quot;M19 18H5h14Zm-7 0v-6v6Zm3 0v-4v4Zm-6 0v-4v4Zm10 4V11.33a3.001 3.001 0 1 0-2.08-5.63C16.55 3.874 14.46 2 12 2S7.45 3.874 7.08 5.7A3 3 0 1 0 5 11.33V22h14Z&quot;%2F%3E%3C%2Fsvg%3E\" alt=\"\" style=\"width:51px;height:51px\"\/><\/figure>\n\n\n\n<h5 class=\"wp-block-heading\" style=\"font-style:normal;font-weight:100;text-transform:none\">Restaurant und Pizzeria<\/h5>\n<\/div>\n\n\n\n<div class=\"wp-block-group is-nowrap is-layout-flex wp-container-core-group-is-layout-6c531013 wp-block-group-is-layout-flex\">\n<figure class=\"wp-block-image size-large is-resized\"><img decoding=\"async\" src=\"data:image\/svg+xml,%3Csvg xmlns=&quot;http%3A%2F%2Fwww.w3.org%2F2000%2Fsvg&quot; width=&quot;24&quot; height=&quot;24&quot; viewBox=&quot;0 0 24 24&quot;%3E%3Cpath fill=&quot;%233465ad&quot; d=&quot;M21 15c0-4.625-3.507-8.441-8-8.941V4h-2v2.059c-4.493.5-8 4.316-8 8.941v2h18v-2zM2 18h20v2H2z&quot;%2F%3E%3C%2Fsvg%3E\" alt=\"\" style=\"width:51px;height:51px\"\/><\/figure>\n\n\n\n<h5 class=\"wp-block-heading\" style=\"font-style:normal;font-weight:100;text-transform:none\">Gerichte zum Mitnehmen<\/h5>\n<\/div>\n\n\n\n<div class=\"wp-block-group is-nowrap is-layout-flex wp-container-core-group-is-layout-6c531013 wp-block-group-is-layout-flex\">\n<figure class=\"wp-block-image size-large is-resized\"><img decoding=\"async\" src=\"data:image\/svg+xml,%3Csvg xmlns=&quot;http%3A%2F%2Fwww.w3.org%2F2000%2Fsvg&quot; width=&quot;48&quot; height=&quot;48&quot; viewBox=&quot;0 0 48 48&quot;%3E%3Cg fill=&quot;%233465ad&quot;%3E%3Cpath fill-rule=&quot;evenodd&quot; d=&quot;M9.263 6c-.378 0-.715.262-.845.656L6.11 13.667a2.2 2.2 0 0 0-.11.687v2.789C6 18.72 7.151 20 8.571 20c1.42 0 2.572-1.28 2.572-2.857c0 1.578 1.151 2.857 2.571 2.857c1.42 0 2.572-1.28 2.572-2.857c0 1.578 1.151 2.857 2.571 2.857c1.42 0 2.57-1.278 2.572-2.855C21.429 18.722 22.58 20 24 20c1.42 0 2.571-1.28 2.571-2.857c0 1.578 1.152 2.857 2.572 2.857c1.42 0 2.57-1.278 2.571-2.855c.001 1.577 1.152 2.855 2.572 2.855c1.42 0 2.571-1.28 2.571-2.857c0 1.578 1.151 2.857 2.572 2.857C40.849 20 42 18.72 42 17.143v-2.789a2.2 2.2 0 0 0-.11-.687l-2.308-7.01c-.13-.395-.467-.657-.845-.657H9.263Z&quot; clip-rule=&quot;evenodd&quot;%2F%3E%3Cpath fill-rule=&quot;evenodd&quot; d=&quot;M10 21.23V29H7.5a.5.5 0 0 0-.5.5v1a.5.5 0 0 0 .5.5h33a.5.5 0 0 0 .5-.5v-1a.5.5 0 0 0-.5-.5H38v-7.77a3.916 3.916 0 0 1-1.143-.703a3.953 3.953 0 0 1-.857.576V29H12v-7.897a3.953 3.953 0 0 1-.857-.576c-.336.295-.72.535-1.143.703Zm26-1.957c.085-.085.165-.176.24-.273H36v.273ZM37.474 19a2.75 2.75 0 0 0 .526.519V19h-.526ZM10 19.519a2.63 2.63 0 0 0 .526-.519H10v.519ZM11.76 19H12v.273a2.766 2.766 0 0 1-.24-.273ZM8.5 33a.5.5 0 0 0-.5.5V41a1 1 0 0 0 1 1h30a1 1 0 0 0 1-1v-7.5a.5.5 0 0 0-.5-.5h-31Z&quot; clip-rule=&quot;evenodd&quot;%2F%3E%3Cpath d=&quot;M14 26.5a.5.5 0 0 1 .5-.5h3a.5.5 0 0 1 .5.5v2a.5.5 0 0 1-.5.5h-3a.5.5 0 0 1-.5-.5v-2Z&quot;%2F%3E%3Cpath d=&quot;M16 27.5a.5.5 0 0 1 .5-.5h3a.5.5 0 0 1 .5.5v1a.5.5 0 0 1-.5.5h-3a.5.5 0 0 1-.5-.5v-1Zm8 0a1.5 1.5 0 1 1-3 0a1.5 1.5 0 0 1 3 0Z&quot;%2F%3E%3C%2Fg%3E%3C%2Fsvg%3E\" alt=\"\" style=\"width:51px;height:51px\"\/><\/figure>\n\n\n\n<h5 class=\"wp-block-heading\" style=\"font-style:normal;font-weight:100;text-transform:none\">Minimarkt<\/h5>\n<\/div>\n\n\n\n<div class=\"wp-block-group is-nowrap is-layout-flex wp-container-core-group-is-layout-6c531013 wp-block-group-is-layout-flex\">\n<figure class=\"wp-block-image size-large is-resized\"><img decoding=\"async\" src=\"data:image\/svg+xml,%3Csvg xmlns=&quot;http%3A%2F%2Fwww.w3.org%2F2000%2Fsvg&quot; width=&quot;24&quot; height=&quot;24&quot; viewBox=&quot;0 0 24 24&quot;%3E%3Cpath fill=&quot;%233465ad&quot; d=&quot;M20 17a1 1 0 0 1-2 0V5a1 1 0 0 0-1-1H3a1 1 0 0 0-1 1v13a2 2 0 0 0 2 2h15c1.654 0 3-1.346 3-3V7h-2v10zM12 7h3v2h-3V7zm0 4h3v2h-3v-2zM5 7h5v6H5V7zm0 10v-2h10v2H5z&quot;%2F%3E%3C%2Fsvg%3E\" alt=\"\" style=\"width:51px;height:51px\"\/><\/figure>\n\n\n\n<h5 class=\"wp-block-heading\" style=\"font-style:normal;font-weight:100;text-transform:none\">Newsagent and tobacconist<\/h5>\n<\/div>\n\n\n\n<div class=\"wp-block-group is-nowrap is-layout-flex wp-container-core-group-is-layout-6c531013 wp-block-group-is-layout-flex\">\n<figure class=\"wp-block-image size-large is-resized\"><img decoding=\"async\" src=\"data:image\/svg+xml,%3Csvg xmlns=&quot;http%3A%2F%2Fwww.w3.org%2F2000%2Fsvg&quot; width=&quot;15&quot; height=&quot;15&quot; viewBox=&quot;0 0 15 15&quot;%3E%3Cpath fill=&quot;%233465ad&quot; d=&quot;M7.5 1c-2 0-7 .25-6.5.75L7 8v4c0 1-3 .5-3 2h7c0-1.5-3-1-3-2V8l6-6.25c.5-.5-4.5-.75-6.5-.75zm0 1c2.5 0 4.75.25 4.75.25L11.5 3h-8l-.75-.75S5 2 7.5 2z&quot;%2F%3E%3C%2Fsvg%3E\" alt=\"\" style=\"width:51px;height:51px\"\/><\/figure>\n\n\n\n<h5 class=\"wp-block-heading\" style=\"font-style:normal;font-weight:100;text-transform:none\">Aperitif-Bar mit Terrasse<\/h5>\n<\/div>\n<\/div>\n\n\n\n<div class=\"wp-block-column is-layout-flow wp-block-column-is-layout-flow\">\n<div class=\"wp-block-group is-nowrap is-layout-flex wp-container-core-group-is-layout-6c531013 wp-block-group-is-layout-flex\">\n<figure class=\"wp-block-image size-large is-resized\"><img decoding=\"async\" src=\"data:image\/svg+xml,%3Csvg xmlns=&quot;http%3A%2F%2Fwww.w3.org%2F2000%2Fsvg&quot; width=&quot;24&quot; height=&quot;24&quot; viewBox=&quot;0 0 24 24&quot;%3E%3Cpath fill=&quot;%233465ad&quot; d=&quot;m21.68 13.26l.36 1.97l-19.69 3.54L2 16.8l2.95-.53l-.35-1.97c-.1-.54.26-1.06.81-1.16c.54-.1 1.06.26 1.16.81l.35 1.96l9.84-1.76l-.35-1.97c-.1-.55.26-1.07.81-1.18c.54-.08 1.06.28 1.16.82l.35 1.97l2.95-.53M10.06 18.4L8 22h8l-2.42-4.23l-3.52.63Z&quot;%2F%3E%3C%2Fsvg%3E\" alt=\"\" style=\"width:51px;height:51px\"\/><\/figure>\n\n\n\n<h5 class=\"wp-block-heading\" style=\"font-style:normal;font-weight:100;text-transform:none\">Kinderspielplatz<\/h5>\n<\/div>\n\n\n\n<div class=\"wp-block-group is-nowrap is-layout-flex wp-container-core-group-is-layout-6c531013 wp-block-group-is-layout-flex\">\n<figure class=\"wp-block-image size-large is-resized\"><img decoding=\"async\" src=\"data:image\/svg+xml,%3Csvg xmlns=&quot;http%3A%2F%2Fwww.w3.org%2F2000%2Fsvg&quot; width=&quot;24&quot; height=&quot;24&quot; viewBox=&quot;0 0 24 24&quot;%3E%3Cpath fill=&quot;%233465ad&quot; d=&quot;M20 8h2V6l-2-2H3a2 2 0 0 0-2 2v9a2 2 0 0 0 2 2h1a3 3 0 0 0 3 3a3 3 0 0 0 3-3h5a3 3 0 0 0 6 0h2v-5M7 18.5a1.5 1.5 0 0 1 0-3a1.5 1.5 0 0 1 0 3M9 12H3V9h6m5 6h-3V9h3m4 9.5a1.5 1.5 0 1 1 1.5-1.5a1.54 1.54 0 0 1-1.5 1.5M17 12V9.5h2.5l2 2.5Z&quot;%2F%3E%3C%2Fsvg%3E\" alt=\"\" style=\"width:51px;height:51px\"\/><\/figure>\n\n\n\n<h5 class=\"wp-block-heading\" style=\"font-style:normal;font-weight:100;text-transform:none\">Camper service<\/h5>\n<\/div>\n\n\n\n<div class=\"wp-block-group is-nowrap is-layout-flex wp-container-core-group-is-layout-6c531013 wp-block-group-is-layout-flex\">\n<figure class=\"wp-block-image size-large is-resized\"><img decoding=\"async\" src=\"data:image\/svg+xml,%3Csvg xmlns=&quot;http%3A%2F%2Fwww.w3.org%2F2000%2Fsvg&quot; width=&quot;24&quot; height=&quot;24&quot; viewBox=&quot;0 0 24 24&quot;%3E%3Cpath fill=&quot;%233465ad&quot; d=&quot;M12 22q-1.525 0-3.125-.55t-2.9-1.5q-1.3-.95-2.138-2.225T3 15v-3l4 3l-1.55 1.55q.725 1.275 2.3 2.2T11 19.925V11H8V9h3V7.825q-.875-.325-1.438-1.088T9 5q0-1.25.875-2.125T12 2q1.25 0 2.125.875T15 5q0 .975-.563 1.738T13 7.824V9h3v2h-3v8.925q1.675-.25 3.25-1.175t2.3-2.2L17 15l4-3v3q0 1.45-.838 2.725t-2.137 2.225q-1.3.95-2.9 1.5T12 22Zm0-16q.425 0 .713-.288T13 5q0-.425-.288-.713T12 4q-.425 0-.713.288T11 5q0 .425.288.713T12 6Z&quot;%2F%3E%3C%2Fsvg%3E\" alt=\"\" style=\"width:51px;height:51px\"\/><\/figure>\n\n\n\n<h5 class=\"wp-block-heading\" style=\"font-style:normal;font-weight:100;text-transform:none\">Bootsliegeplatz mit Slipanlage und bewachtem Ponton<\/h5>\n<\/div>\n\n\n\n<div class=\"wp-block-group is-nowrap is-layout-flex wp-container-core-group-is-layout-6c531013 wp-block-group-is-layout-flex\">\n<figure class=\"wp-block-image size-large is-resized\"><img decoding=\"async\" src=\"data:image\/svg+xml,%3Csvg xmlns=&quot;http%3A%2F%2Fwww.w3.org%2F2000%2Fsvg&quot; width=&quot;512&quot; height=&quot;512&quot; viewBox=&quot;0 0 512 512&quot;%3E%3Cpath fill=&quot;%233465ad&quot; d=&quot;M304 320a16 16 0 1 0 16 16a16 16 0 0 0-16-16Zm32-96a16 16 0 1 0 16 16a16 16 0 0 0-16-16Zm32 64a16 16 0 1 0-16-16a16 16 0 0 0 16 16Zm-32 32a16 16 0 1 0-16-16a16 16 0 0 0 16 16Zm-32-64a16 16 0 1 0 16 16a16 16 0 0 0-16-16Zm128-32a16 16 0 1 0-16-16a16 16 0 0 0 16 16Zm-48 16a16 16 0 1 0 16-16a16 16 0 0 0-16 16Zm-16-48a16 16 0 1 0 16 16a16 16 0 0 0-16-16Zm96 32a16 16 0 1 0 16 16a16 16 0 0 0-16-16Zm32-32a16 16 0 1 0 16 16a16 16 0 0 0-16-16Zm-64 64a16 16 0 1 0 16 16a16 16 0 0 0-16-16Zm-32 32a16 16 0 1 0 16 16a16 16 0 0 0-16-16Zm-64 64a16 16 0 1 0 16 16a16 16 0 0 0-16-16Zm-32 32a16 16 0 1 0 16 16a16 16 0 0 0-16-16Zm64-64a16 16 0 1 0 16 16a16 16 0 0 0-16-16Zm21.65-218.35l-11.3-11.31a16 16 0 0 0-22.63 0L350.05 96A111.19 111.19 0 0 0 272 64c-19.24 0-37.08 5.3-52.9 13.85l-10-10A121.72 121.72 0 0 0 123.44 32C55.49 31.5 0 92.91 0 160.85V464a16 16 0 0 0 16 16h32a16 16 0 0 0 16-16V158.4c0-30.15 21-58.2 51-61.93a58.38 58.38 0 0 1 48.93 16.67l10 10C165.3 138.92 160 156.76 160 176a111.23 111.23 0 0 0 32 78.05l-5.66 5.67a16 16 0 0 0 0 22.62l11.3 11.31a16 16 0 0 0 22.63 0l169.38-169.37a16 16 0 0 0 0-22.63Z&quot;%2F%3E%3C%2Fsvg%3E\" alt=\"\" style=\"width:51px;height:51px\"\/><\/figure>\n\n\n\n<h5 class=\"wp-block-heading\" style=\"font-style:normal;font-weight:100;text-transform:none\">Hundedusche<\/h5>\n<\/div>\n\n\n\n<div class=\"wp-block-group is-nowrap is-layout-flex wp-container-core-group-is-layout-6c531013 wp-block-group-is-layout-flex\">\n<figure class=\"wp-block-image size-large is-resized\"><img decoding=\"async\" src=\"data:image\/svg+xml,%3Csvg xmlns=&quot;http%3A%2F%2Fwww.w3.org%2F2000%2Fsvg&quot; width=&quot;24&quot; height=&quot;24&quot; viewBox=&quot;0 0 24 24&quot;%3E%3Cpath fill=&quot;%233465ad&quot; d=&quot;M19 14h-1.4v8H19v-8M6.44 22H5l2-8h1.44l-2 8M8.76 9.54V13H7V8.32l4.61-2.01c.43-.17.89-.18 1.35-.04s.83.42 1.1.83L15 8.58c.37.67.9 1.37 1.62 1.79c.71.42 1.51.63 2.38.63v1.83c-1 0-2-.21-2.87-.63s-1.63-1.14-2.25-1.83l-.57 2.79L15.28 15v7H13.4v-5.5l-1.9-1.95L9.77 22H7.8l2.63-13.11l-1.67.65M16 4c0 1.11-.89 2-2 2s-2-.89-2-2s.9-2 2-2s2 .9 2 2Z&quot;%2F%3E%3C%2Fsvg%3E\" alt=\"\" style=\"width:51px;height:51px\"\/><\/figure>\n\n\n\n<h5 class=\"wp-block-heading\" style=\"font-style:normal;font-weight:100;text-transform:none\">M\u00f6glichkeit langer Spazierg\u00e4nge<\/h5>\n<\/div>\n\n\n\n<div class=\"wp-block-group is-nowrap is-layout-flex wp-container-core-group-is-layout-6c531013 wp-block-group-is-layout-flex\">\n<figure class=\"wp-block-image size-large is-resized\"><img decoding=\"async\" src=\"data:image\/svg+xml,%3Csvg xmlns=&quot;http%3A%2F%2Fwww.w3.org%2F2000%2Fsvg&quot; width=&quot;24&quot; height=&quot;24&quot; viewBox=&quot;0 0 24 24&quot;%3E%3Cpath fill=&quot;%233465ad&quot; d=&quot;M18 11H6V6h12m-1.5 11a1.5 1.5 0 0 1-1.5-1.5a1.5 1.5 0 0 1 1.5-1.5a1.5 1.5 0 0 1 1.5 1.5a1.5 1.5 0 0 1-1.5 1.5m-9 0A1.5 1.5 0 0 1 6 15.5A1.5 1.5 0 0 1 7.5 14A1.5 1.5 0 0 1 9 15.5A1.5 1.5 0 0 1 7.5 17M4 16c0 .88.39 1.67 1 2.22V20a1 1 0 0 0 1 1h1a1 1 0 0 0 1-1v-1h8v1a1 1 0 0 0 1 1h1a1 1 0 0 0 1-1v-1.78c.61-.55 1-1.34 1-2.22V6c0-3.5-3.58-4-8-4s-8 .5-8 4v10Z&quot;%2F%3E%3C%2Fsvg%3E\" alt=\"\" style=\"width:51px;height:51px\"\/><\/figure>\n\n\n\n<h5 class=\"wp-block-heading has-medium-font-size\" style=\"font-style:normal;font-weight:100;text-transform:none\">Bushaltestelle und Vorderseite des Campingplatzes<\/h5>\n<\/div>\n<\/div>\n<\/div>\n<\/div>\n\n<div class=\"wp-block-buttons is-content-justification-center is-layout-flex wp-container-core-buttons-is-layout-a89b3969 wp-block-buttons-is-layout-flex\">\n<div class=\"wp-block-button\"><a class=\"wp-block-button__link wp-element-button\" href=\"https:\/\/bocchedalbegna.com\/de\/prices\/\">Dieser Tarif<\/a><\/div>\n<\/div>\n","protected":false},"excerpt":{"rendered":"<p>Auf einer Landzunge, die vollst\u00e4ndig vom Meer umgeben ist, im Zentrum des nat\u00fcrlichen Golfs, der durch die Vorgebirge von Talamone und Argentario entstanden ist, am Rande eines duftenden Kiefernwaldes, hei\u00dft Sie das Campingdorf \u201eBocche d&#8217;Albegna\u201c willkommen. Karte The village Da es in direktem Kontakt mit dem Meer steht, besteht es aus 113 Grundst\u00fccken von etwa [&hellip;]<\/p>\n","protected":false},"author":1,"featured_media":497,"parent":0,"menu_order":49,"comment_status":"closed","ping_status":"open","template":"","meta":{"footnotes":""},"class_list":["post-85","page","type-page","status-publish","has-post-thumbnail","hentry"],"jetpack_sharing_enabled":true,"_links":{"self":[{"href":"https:\/\/bocchedalbegna.com\/de\/wp-json\/wp\/v2\/pages\/85","targetHints":{"allow":["GET"]}}],"collection":[{"href":"https:\/\/bocchedalbegna.com\/de\/wp-json\/wp\/v2\/pages"}],"about":[{"href":"https:\/\/bocchedalbegna.com\/de\/wp-json\/wp\/v2\/types\/page"}],"author":[{"embeddable":true,"href":"https:\/\/bocchedalbegna.com\/de\/wp-json\/wp\/v2\/users\/1"}],"replies":[{"embeddable":true,"href":"https:\/\/bocchedalbegna.com\/de\/wp-json\/wp\/v2\/comments?post=85"}],"version-history":[{"count":6,"href":"https:\/\/bocchedalbegna.com\/de\/wp-json\/wp\/v2\/pages\/85\/revisions"}],"predecessor-version":[{"id":1861,"href":"https:\/\/bocchedalbegna.com\/de\/wp-json\/wp\/v2\/pages\/85\/revisions\/1861"}],"wp:featuredmedia":[{"embeddable":true,"href":"https:\/\/bocchedalbegna.com\/de\/wp-json\/wp\/v2\/media\/497"}],"wp:attachment":[{"href":"https:\/\/bocchedalbegna.com\/de\/wp-json\/wp\/v2\/media?parent=85"}],"curies":[{"name":"wp","href":"https:\/\/api.w.org\/{rel}","templated":true}]}}