{"id":90,"date":"2011-03-08T13:49:33","date_gmt":"2011-03-08T13:49:33","guid":{"rendered":"https:\/\/bocchedalbegna.com\/new\/2011\/03\/08\/zona-villaggio-e-appartamenti-4\/"},"modified":"2023-05-04T09:42:01","modified_gmt":"2023-05-04T09:42:01","slug":"zona-villaggio-e-appartamenti-4","status":"publish","type":"page","link":"https:\/\/bocchedalbegna.com\/de\/zona-villaggio-e-appartamenti-4\/","title":{"rendered":"Die Wohnungen in der Toskana"},"content":{"rendered":"\n<p>Die Wohnungen, die dank dem Umbau der zwei typischen, am Meer liegenden Einzelgeh\u00f6ften von Maremma entstanden, stehen als Zwei- und Dreizimmerwohnungen zur Verf\u00fcgung, mit 4, 5 bzw. 6 Betten. Einschlie\u00dflich der v\u00f6llig ausgestatteten K\u00fcchenzone, des Fernsehers, des Badezimmers mit Dusche und WC. Einige haben Klimaanlagen.<strong><br><\/strong><\/p>\n\n\n\n<p>{gallery}galleria\/appartamenti{\/gallery}<\/p>\n\n\n\n<ul class=\"wp-block-list\">\n<li>Wohnungen mit einem Schlafzimmer und drei Schlafzimmer mit Doppelbett und Einzelbett Schlafzimmer mit Etagenbett<\/li>\n\n\n\n<li>Einer komplett ausgestatteten K\u00fcchenzeile<\/li>\n\n\n\n<li>Fernseher<\/li>\n\n\n\n<li>Badezimmer mit Dusche und Warmwasser<\/li>\n\n\n\n<li>Klimaanlage (einige Arten)<\/li>\n<\/ul>\n","protected":false},"excerpt":{"rendered":"<p>Die Wohnungen, die dank dem Umbau der zwei typischen, am Meer liegenden Einzelgeh\u00f6ften von Maremma entstanden, stehen als Zwei- und Dreizimmerwohnungen zur Verf\u00fcgung, mit 4, 5 bzw. 6 Betten. Einschlie\u00dflich der v\u00f6llig ausgestatteten K\u00fcchenzone, des Fernsehers, des Badezimmers mit Dusche und WC. Einige haben Klimaanlagen. {gallery}galleria\/appartamenti{\/gallery}<\/p>\n","protected":false},"author":1,"featured_media":1375,"parent":0,"menu_order":17,"comment_status":"open","ping_status":"open","template":"","meta":{"footnotes":""},"class_list":["post-90","page","type-page","status-publish","has-post-thumbnail","hentry"],"jetpack_sharing_enabled":true,"_links":{"self":[{"href":"https:\/\/bocchedalbegna.com\/de\/wp-json\/wp\/v2\/pages\/90","targetHints":{"allow":["GET"]}}],"collection":[{"href":"https:\/\/bocchedalbegna.com\/de\/wp-json\/wp\/v2\/pages"}],"about":[{"href":"https:\/\/bocchedalbegna.com\/de\/wp-json\/wp\/v2\/types\/page"}],"author":[{"embeddable":true,"href":"https:\/\/bocchedalbegna.com\/de\/wp-json\/wp\/v2\/users\/1"}],"replies":[{"embeddable":true,"href":"https:\/\/bocchedalbegna.com\/de\/wp-json\/wp\/v2\/comments?post=90"}],"version-history":[{"count":3,"href":"https:\/\/bocchedalbegna.com\/de\/wp-json\/wp\/v2\/pages\/90\/revisions"}],"predecessor-version":[{"id":313,"href":"https:\/\/bocchedalbegna.com\/de\/wp-json\/wp\/v2\/pages\/90\/revisions\/313"}],"wp:featuredmedia":[{"embeddable":true,"href":"https:\/\/bocchedalbegna.com\/de\/wp-json\/wp\/v2\/media\/1375"}],"wp:attachment":[{"href":"https:\/\/bocchedalbegna.com\/de\/wp-json\/wp\/v2\/media?parent=90"}],"curies":[{"name":"wp","href":"https:\/\/api.w.org\/{rel}","templated":true}]}}