{"id":958,"date":"2017-10-30T15:47:19","date_gmt":"2017-10-30T15:47:19","guid":{"rendered":"https:\/\/bocchedalbegna.com\/new\/restaurant\/"},"modified":"2026-01-19T08:54:18","modified_gmt":"2026-01-19T08:54:18","slug":"restaurant","status":"publish","type":"page","link":"https:\/\/bocchedalbegna.com\/de\/restaurant\/","title":{"rendered":"Restaurant"},"content":{"rendered":"\n<p>In der N\u00e4he der Argentario-Bl\u00fcte in Morellino erkundet unser Men\u00fc eine Auswahl an authentischen Aromen. Der Einblick in die Erde und die Stute ist eine Reise, die die besten italienischen Reisgerichte feiert, die Frische der Zutaten und die Kunstfertigkeit mit der richtigen Zubereitung.<\/p>\n\n<p>Alle unsere Gerichte basieren auf dem Reichtum der Traditionen, die fast immer im Meereston wieder aufgegriffen werden und erstklassige Fischzutaten verwenden. Unsere Leidenschaft f\u00fcr Meeresfr\u00fcchtegerichte zeigt sich in der gro\u00dfen Auswahl an Optionen, die wir anbieten, was die Auswahl breit und \u00fcberzeugend macht. Denken Sie daran, dass wir 16 G\u00e4nge nur f\u00fcr Fischvorspeisen auf der Speisekarte haben!<\/p>\n\n<p>Wenn Sie jeden Abend etwas anderes w\u00e4hlen, w\u00fcrden 2 Wochen nicht ausreichen, um all unsere Spezialit\u00e4ten zu probieren.<\/p>\n\n<div class=\"wp-block-jetpack-tiled-gallery aligncenter is-style-rectangular\">\r\n<div class=\"\">\r\n<div class=\"tiled-gallery__gallery\">\r\n<div class=\"tiled-gallery__row\">\r\n<div class=\"tiled-gallery__col\" style=\"flex-basis: 66.74421%;\">\r\n<figure class=\"tiled-gallery__item\"><img decoding=\"async\" role=\"button\" tabindex=\"0\" aria-label=\"Bild\u00a01 von 3 im Vollbildmodus \u00f6ffnen\"srcset=\"https:\/\/i0.wp.com\/bocchedalbegna.com\/wp-content\/uploads\/2023\/07\/camping_bocchedalbegna-150523-19-1024x683.jpg?strip=info&#038;w=600&#038;ssl=1 600w,https:\/\/i0.wp.com\/bocchedalbegna.com\/wp-content\/uploads\/2023\/07\/camping_bocchedalbegna-150523-19-1024x683.jpg?strip=info&#038;w=900&#038;ssl=1 900w,https:\/\/i0.wp.com\/bocchedalbegna.com\/wp-content\/uploads\/2023\/07\/camping_bocchedalbegna-150523-19-1024x683.jpg?strip=info&#038;w=1200&#038;ssl=1 1200w,https:\/\/i0.wp.com\/bocchedalbegna.com\/wp-content\/uploads\/2023\/07\/camping_bocchedalbegna-150523-19-1024x683.jpg?strip=info&#038;w=1500&#038;ssl=1 1500w,https:\/\/i0.wp.com\/bocchedalbegna.com\/wp-content\/uploads\/2023\/07\/camping_bocchedalbegna-150523-19-1024x683.jpg?strip=info&#038;w=1600&#038;ssl=1 1600w\" src=\"https:\/\/i0.wp.com\/bocchedalbegna.com\/wp-content\/uploads\/2023\/07\/camping_bocchedalbegna-150523-19-1024x683.jpg?ssl=1\" alt=\"\" data-height=\"1067\" data-id=\"726\" data-link=\"https:\/\/bocchedalbegna.com\/ristorante\/attachment\/camping-bocche-dalbegna-20\/\" data-url=\"https:\/\/bocchedalbegna.com\/wp-content\/uploads\/2023\/07\/camping_bocchedalbegna-150523-19-1024x683.jpg\" data-width=\"1600\" data-amp-layout=\"responsive\" \/><\/figure>\r\n<\/div><br><div class=\"tiled-gallery__col\" style=\"flex-basis: 33.25579%;\">\r\n<figure class=\"tiled-gallery__item\"><img decoding=\"async\" role=\"button\" tabindex=\"0\" aria-label=\"Bild\u00a02 von 3 im Vollbildmodus \u00f6ffnen\"srcset=\"https:\/\/i0.wp.com\/bocchedalbegna.com\/wp-content\/uploads\/2023\/07\/camping_bocchedalbegna-150523-20-1024x683.jpg?strip=info&#038;w=600&#038;ssl=1 600w,https:\/\/i0.wp.com\/bocchedalbegna.com\/wp-content\/uploads\/2023\/07\/camping_bocchedalbegna-150523-20-1024x683.jpg?strip=info&#038;w=900&#038;ssl=1 900w,https:\/\/i0.wp.com\/bocchedalbegna.com\/wp-content\/uploads\/2023\/07\/camping_bocchedalbegna-150523-20-1024x683.jpg?strip=info&#038;w=1200&#038;ssl=1 1200w,https:\/\/i0.wp.com\/bocchedalbegna.com\/wp-content\/uploads\/2023\/07\/camping_bocchedalbegna-150523-20-1024x683.jpg?strip=info&#038;w=1500&#038;ssl=1 1500w,https:\/\/i0.wp.com\/bocchedalbegna.com\/wp-content\/uploads\/2023\/07\/camping_bocchedalbegna-150523-20-1024x683.jpg?strip=info&#038;w=1600&#038;ssl=1 1600w\" src=\"https:\/\/i0.wp.com\/bocchedalbegna.com\/wp-content\/uploads\/2023\/07\/camping_bocchedalbegna-150523-20-1024x683.jpg?ssl=1\" alt=\"\" data-height=\"1067\" data-id=\"729\" data-link=\"https:\/\/bocchedalbegna.com\/ristorante\/attachment\/camping-bocche-dalbegna-21\/\" data-url=\"https:\/\/bocchedalbegna.com\/wp-content\/uploads\/2023\/07\/camping_bocchedalbegna-150523-20-1024x683.jpg\" data-width=\"1600\" data-amp-layout=\"responsive\" \/><\/figure>\r\n<figure class=\"tiled-gallery__item\"><img decoding=\"async\" role=\"button\" tabindex=\"0\" aria-label=\"Bild\u00a03 von 3 im Vollbildmodus \u00f6ffnen\"srcset=\"https:\/\/i0.wp.com\/bocchedalbegna.com\/wp-content\/uploads\/2023\/07\/bocchedalbegna-ristorante-090615-5858-1024x683.jpg?strip=info&#038;w=600&#038;ssl=1 600w,https:\/\/i0.wp.com\/bocchedalbegna.com\/wp-content\/uploads\/2023\/07\/bocchedalbegna-ristorante-090615-5858-1024x683.jpg?strip=info&#038;w=900&#038;ssl=1 900w,https:\/\/i0.wp.com\/bocchedalbegna.com\/wp-content\/uploads\/2023\/07\/bocchedalbegna-ristorante-090615-5858-1024x683.jpg?strip=info&#038;w=1200&#038;ssl=1 1200w,https:\/\/i0.wp.com\/bocchedalbegna.com\/wp-content\/uploads\/2023\/07\/bocchedalbegna-ristorante-090615-5858-1024x683.jpg?strip=info&#038;w=1500&#038;ssl=1 1500w,https:\/\/i0.wp.com\/bocchedalbegna.com\/wp-content\/uploads\/2023\/07\/bocchedalbegna-ristorante-090615-5858-1024x683.jpg?strip=info&#038;w=1800&#038;ssl=1 1800w,https:\/\/i0.wp.com\/bocchedalbegna.com\/wp-content\/uploads\/2023\/07\/bocchedalbegna-ristorante-090615-5858-1024x683.jpg?strip=info&#038;w=2000&#038;ssl=1 2000w\" src=\"https:\/\/i0.wp.com\/bocchedalbegna.com\/wp-content\/uploads\/2023\/07\/bocchedalbegna-ristorante-090615-5858-1024x683.jpg?ssl=1\" alt=\"\" data-height=\"1707\" data-id=\"736\" data-link=\"https:\/\/bocchedalbegna.com\/ristorante\/attachment\/servizio-fotografico-al-camping-bocchedalbegna-2\/\" data-url=\"https:\/\/bocchedalbegna.com\/wp-content\/uploads\/2023\/07\/bocchedalbegna-ristorante-090615-5858-1024x683.jpg\" data-width=\"2560\" data-amp-layout=\"responsive\" \/><\/figure>\r\n<\/div><br><\/div><br><\/div><br><\/div><br><\/div>\n\n<p class=\"has-text-align-center has-medium-font-size\">Hier sind einige der Gerichte, auf die wir Sie gerne aufmerksam machen.<strong> Unten finden Sie das komplette Men\u00fc zum Download.<\/strong><\/p>\n\n<div class=\"wp-block-group is-layout-grid wp-container-core-group-is-layout-acc8bb78 wp-block-group-is-layout-grid\">\n<div class=\"wp-block-group has-background is-vertical is-content-justification-center is-layout-flex wp-container-core-group-is-layout-0c89afd9 wp-block-group-is-layout-flex\" style=\"background-color:#fc681e3b;padding-top:var(--wp--preset--spacing--40);padding-right:var(--wp--preset--spacing--30);padding-bottom:var(--wp--preset--spacing--40);padding-left:var(--wp--preset--spacing--30)\">\n<figure class=\"wp-block-image size-large is-resized wp-duotone-fc691d-ffffff-1\"><img decoding=\"async\" src=\"data:image\/svg+xml,%3Csvg xmlns='http:\/\/www.w3.org\/2000\/svg' width='24' height='24' viewBox='0 0 24 24'%3E%3Cpath fill='%23000' d='M21 15c0-4.625-3.507-8.441-8-8.941V4h-2v2.059c-4.493.5-8 4.316-8 8.941v2h18zM5 15c0-3.859 3.141-7 7-7s7 3.141 7 7zm-3 3h20v2H2z'\/%3E%3C\/svg%3E\" alt=\"\" style=\"width:106px;height:auto\"\/><\/figure>\n\n\n\n<p>Oktopus-kronstein<\/p>\n\n\n\n<blockquote class=\"wp-block-quote is-layout-flow wp-block-quote-is-layout-flow\">\n<p>Das Meer trifft auf die Einfachheit von gegrilltem Brot. Der zarte und schmackhafte Oktopus wird durch eine langsame und intensive Tomatensauce verst\u00e4rkt. Ein Gericht, das an Sommergrills an der K\u00fcste erinnert, mit dem Duft von Holz und dem Mittelmeer in der Luft.<\/p>\n<\/blockquote>\n<\/div>\n\n\n\n<div class=\"wp-block-group has-background is-vertical is-content-justification-center is-layout-flex wp-container-core-group-is-layout-0c89afd9 wp-block-group-is-layout-flex\" style=\"background-color:#fc681e3b;padding-top:var(--wp--preset--spacing--40);padding-right:var(--wp--preset--spacing--30);padding-bottom:var(--wp--preset--spacing--40);padding-left:var(--wp--preset--spacing--30)\">\n<figure class=\"wp-block-image size-large is-resized wp-duotone-7cb433-ffffff-2\"><img decoding=\"async\" src=\"data:image\/svg+xml,%3Csvg xmlns='http:\/\/www.w3.org\/2000\/svg' width='24' height='24' viewBox='0 0 24 24'%3E%3Cpath fill='%23000' d='M21 15c0-4.625-3.507-8.441-8-8.941V4h-2v2.059c-4.493.5-8 4.316-8 8.941v2h18zM5 15c0-3.859 3.141-7 7-7s7 3.141 7 7zm-3 3h20v2H2z'\/%3E%3C\/svg%3E\" alt=\"\" style=\"width:106px;height:auto\"\/><\/figure>\n\n\n\n<p class=\"has-text-align-center\"><strong>Spaghetti Mischmeer<\/strong><br\/>(Rohrs\u00e4nger, Muscheln, Lupinen, Jakobsmuscheln)<\/p>\n\n\n\n<blockquote class=\"wp-block-quote is-layout-flow wp-block-quote-is-layout-flow\">\n<p>Eine Reise durch den Meeresboden des Tyrrhenischen Meeres: Jede Gabelung ist ein kleines Universum von Aromen, von brackigen Rasiermuscheln bis hin zur Delikatesse von Jakobsmuscheln. Ein gro\u00dfz\u00fcgiger, schillernder erster Gang, der die Geschichte des Meeres durch den Fang des Tages erz\u00e4hlt.<\/p>\n<\/blockquote>\n<\/div>\n\n\n\n<div class=\"wp-block-group has-background is-vertical is-content-justification-center is-layout-flex wp-container-core-group-is-layout-0c89afd9 wp-block-group-is-layout-flex\" style=\"background-color:#fc681e3b;padding-top:var(--wp--preset--spacing--40);padding-right:var(--wp--preset--spacing--30);padding-bottom:var(--wp--preset--spacing--40);padding-left:var(--wp--preset--spacing--30)\">\n<figure class=\"wp-block-image size-large is-resized wp-duotone-fc691d-ffffff-3\"><img decoding=\"async\" src=\"data:image\/svg+xml,%3Csvg xmlns='http:\/\/www.w3.org\/2000\/svg' width='24' height='24' viewBox='0 0 24 24'%3E%3Cpath fill='%23000' d='M21 15c0-4.625-3.507-8.441-8-8.941V4h-2v2.059c-4.493.5-8 4.316-8 8.941v2h18zM5 15c0-3.859 3.141-7 7-7s7 3.141 7 7zm-3 3h20v2H2z'\/%3E%3C\/svg%3E\" alt=\"\" style=\"width:106px;height:auto\"\/><\/figure>\n\n\n\n<p class=\"has-text-align-center\"><strong>Kartoffelgnocchi mit Brennnessel und Scampi-Creme<\/strong><\/p>\n\n\n\n<blockquote class=\"wp-block-quote is-layout-flow wp-block-quote-is-layout-flow\">\n<p>Eine gr\u00fcne und cremige Umarmung: wilde Brennnessel f\u00e4rbt die Kn\u00f6del, Scampi-Creme umh\u00fcllt sie in einen weichen und duftenden Tanz. Ein eleganter und entscheidender erster Gang, der Natur und Meer mit aufrichtigem und \u00fcberraschendem Geschmack verbindet.<\/p>\n<\/blockquote>\n<\/div>\n\n\n\n<div class=\"wp-block-group has-background is-vertical is-content-justification-center is-layout-flex wp-container-core-group-is-layout-0c89afd9 wp-block-group-is-layout-flex\" style=\"background-color:#fc681e3b;padding-top:var(--wp--preset--spacing--40);padding-right:var(--wp--preset--spacing--30);padding-bottom:var(--wp--preset--spacing--40);padding-left:var(--wp--preset--spacing--30)\">\n<figure class=\"wp-block-image size-large is-resized wp-duotone-7cb433-ffffff-4\"><img decoding=\"async\" src=\"data:image\/svg+xml,%3Csvg xmlns='http:\/\/www.w3.org\/2000\/svg' width='24' height='24' viewBox='0 0 24 24'%3E%3Cpath fill='%23000' d='M21 15c0-4.625-3.507-8.441-8-8.941V4h-2v2.059c-4.493.5-8 4.316-8 8.941v2h18zM5 15c0-3.859 3.141-7 7-7s7 3.141 7 7zm-3 3h20v2H2z'\/%3E%3C\/svg%3E\" alt=\"\" style=\"width:106px;height:auto\"\/><\/figure>\n\n\n\n<p class=\"has-text-align-center\"><strong>Paccheri mit frischem Thunfisch, Oliven, gelben Datterino und Pistazien<\/strong><\/p>\n\n\n\n<blockquote class=\"wp-block-quote is-layout-flow wp-block-quote-is-layout-flow\">\n<p>Ein mediterranes Gericht in Herz und Farben: Frischer Thunfisch erf\u00fcllt den Geschmack von Oliven und die S\u00fc\u00dfe von gelben Datterini. Pistazien verleihen Knusprigkeit und einen orientalischen Duft. Intensiver, aber raffinierter Geschmack, wie ein Sonnenuntergang \u00fcber dem Meer.<\/p>\n<\/blockquote>\n<\/div>\n<\/div>\n\n<div style=\"height:40px\" aria-hidden=\"true\" class=\"wp-block-spacer\"><\/div>\n\n<h2 class=\"wp-block-heading has-text-align-center\" style=\"text-transform:none\">Il men\u00f9 2025<\/h2>\n\n<div class=\"wp-block-buttons is-content-justification-center is-layout-flex wp-container-core-buttons-is-layout-a89b3969 wp-block-buttons-is-layout-flex\">\n<div class=\"wp-block-button\"><a class=\"wp-block-button__link wp-element-button\" href=\"https:\/\/bocchedalbegna.com\/wp-content\/uploads\/2025\/07\/Menu-2025.pdf\">Scarica il menastian<\/a><\/div>\n<\/div>\n\n<div style=\"height:50px\" aria-hidden=\"true\" class=\"wp-block-spacer\"><\/div>\n\n<div class=\"wp-block-jetpack-tiled-gallery aligncenter is-style-rectangular\"><div class=\"\"><div class=\"tiled-gallery__gallery\"><div class=\"tiled-gallery__row\"><div class=\"tiled-gallery__col\" style=\"flex-basis:66.75198%\"><figure class=\"tiled-gallery__item\"><img decoding=\"async\" role=\"button\" tabindex=\"0\" aria-label=\"Bild\u00a01 von 7 im Vollbildmodus \u00f6ffnen\"srcset=\"https:\/\/i0.wp.com\/bocchedalbegna.com\/wp-content\/uploads\/2023\/07\/bocchedalbegna-ristorante-140917-0354-1024x683.jpg?strip=info&#038;w=600&#038;ssl=1 600w,https:\/\/i0.wp.com\/bocchedalbegna.com\/wp-content\/uploads\/2023\/07\/bocchedalbegna-ristorante-140917-0354-1024x683.jpg?strip=info&#038;w=900&#038;ssl=1 900w,https:\/\/i0.wp.com\/bocchedalbegna.com\/wp-content\/uploads\/2023\/07\/bocchedalbegna-ristorante-140917-0354-1024x683.jpg?strip=info&#038;w=1200&#038;ssl=1 1200w,https:\/\/i0.wp.com\/bocchedalbegna.com\/wp-content\/uploads\/2023\/07\/bocchedalbegna-ristorante-140917-0354-1024x683.jpg?strip=info&#038;w=1500&#038;ssl=1 1500w,https:\/\/i0.wp.com\/bocchedalbegna.com\/wp-content\/uploads\/2023\/07\/bocchedalbegna-ristorante-140917-0354-1024x683.jpg?strip=info&#038;w=1800&#038;ssl=1 1800w,https:\/\/i0.wp.com\/bocchedalbegna.com\/wp-content\/uploads\/2023\/07\/bocchedalbegna-ristorante-140917-0354-1024x683.jpg?strip=info&#038;w=2000&#038;ssl=1 2000w\" alt=\"\" data-height=\"1707\" data-id=\"763\" data-link=\"https:\/\/bocchedalbegna.com\/ristorante\/attachment\/camping-bocche-dalbegna-29\/\" data-url=\"https:\/\/bocchedalbegna.com\/wp-content\/uploads\/2023\/07\/bocchedalbegna-ristorante-140917-0354-1024x683.jpg\" data-width=\"2560\" src=\"https:\/\/i0.wp.com\/bocchedalbegna.com\/wp-content\/uploads\/2023\/07\/bocchedalbegna-ristorante-140917-0354-1024x683.jpg?ssl=1\" data-amp-layout=\"responsive\"\/><\/figure><\/div><div class=\"tiled-gallery__col\" style=\"flex-basis:33.24802%\"><figure class=\"tiled-gallery__item\"><img decoding=\"async\" role=\"button\" tabindex=\"0\" aria-label=\"Bild\u00a02 von 7 im Vollbildmodus \u00f6ffnen\"srcset=\"https:\/\/i0.wp.com\/bocchedalbegna.com\/wp-content\/uploads\/2023\/07\/bocchedalbegna-ristorante-140917-0326-1024x683.jpg?strip=info&#038;w=600&#038;ssl=1 600w,https:\/\/i0.wp.com\/bocchedalbegna.com\/wp-content\/uploads\/2023\/07\/bocchedalbegna-ristorante-140917-0326-1024x683.jpg?strip=info&#038;w=900&#038;ssl=1 900w,https:\/\/i0.wp.com\/bocchedalbegna.com\/wp-content\/uploads\/2023\/07\/bocchedalbegna-ristorante-140917-0326-1024x683.jpg?strip=info&#038;w=1200&#038;ssl=1 1200w,https:\/\/i0.wp.com\/bocchedalbegna.com\/wp-content\/uploads\/2023\/07\/bocchedalbegna-ristorante-140917-0326-1024x683.jpg?strip=info&#038;w=1500&#038;ssl=1 1500w,https:\/\/i0.wp.com\/bocchedalbegna.com\/wp-content\/uploads\/2023\/07\/bocchedalbegna-ristorante-140917-0326-1024x683.jpg?strip=info&#038;w=1800&#038;ssl=1 1800w,https:\/\/i0.wp.com\/bocchedalbegna.com\/wp-content\/uploads\/2023\/07\/bocchedalbegna-ristorante-140917-0326-1024x683.jpg?strip=info&#038;w=2000&#038;ssl=1 2000w\" alt=\"\" data-height=\"1707\" data-id=\"760\" data-link=\"https:\/\/bocchedalbegna.com\/ristorante\/attachment\/camping-bocche-dalbegna-28\/\" data-url=\"https:\/\/bocchedalbegna.com\/wp-content\/uploads\/2023\/07\/bocchedalbegna-ristorante-140917-0326-1024x683.jpg\" data-width=\"2560\" src=\"https:\/\/i0.wp.com\/bocchedalbegna.com\/wp-content\/uploads\/2023\/07\/bocchedalbegna-ristorante-140917-0326-1024x683.jpg?ssl=1\" data-amp-layout=\"responsive\"\/><\/figure><figure class=\"tiled-gallery__item\"><img decoding=\"async\" role=\"button\" tabindex=\"0\" aria-label=\"Bild\u00a03 von 7 im Vollbildmodus \u00f6ffnen\"srcset=\"https:\/\/i0.wp.com\/bocchedalbegna.com\/wp-content\/uploads\/2023\/07\/bocchedalbegna-ristorante-140917-0307-1024x683.jpg?strip=info&#038;w=600&#038;ssl=1 600w,https:\/\/i0.wp.com\/bocchedalbegna.com\/wp-content\/uploads\/2023\/07\/bocchedalbegna-ristorante-140917-0307-1024x683.jpg?strip=info&#038;w=900&#038;ssl=1 900w,https:\/\/i0.wp.com\/bocchedalbegna.com\/wp-content\/uploads\/2023\/07\/bocchedalbegna-ristorante-140917-0307-1024x683.jpg?strip=info&#038;w=1200&#038;ssl=1 1200w,https:\/\/i0.wp.com\/bocchedalbegna.com\/wp-content\/uploads\/2023\/07\/bocchedalbegna-ristorante-140917-0307-1024x683.jpg?strip=info&#038;w=1500&#038;ssl=1 1500w,https:\/\/i0.wp.com\/bocchedalbegna.com\/wp-content\/uploads\/2023\/07\/bocchedalbegna-ristorante-140917-0307-1024x683.jpg?strip=info&#038;w=1800&#038;ssl=1 1800w,https:\/\/i0.wp.com\/bocchedalbegna.com\/wp-content\/uploads\/2023\/07\/bocchedalbegna-ristorante-140917-0307-1024x683.jpg?strip=info&#038;w=2000&#038;ssl=1 2000w\" alt=\"\" data-height=\"1708\" data-id=\"754\" data-link=\"https:\/\/bocchedalbegna.com\/ristorante\/attachment\/camping-bocche-dalbegna-26\/\" data-url=\"https:\/\/bocchedalbegna.com\/wp-content\/uploads\/2023\/07\/bocchedalbegna-ristorante-140917-0307-1024x683.jpg\" data-width=\"2560\" src=\"https:\/\/i0.wp.com\/bocchedalbegna.com\/wp-content\/uploads\/2023\/07\/bocchedalbegna-ristorante-140917-0307-1024x683.jpg?ssl=1\" data-amp-layout=\"responsive\"\/><\/figure><\/div><\/div><div class=\"tiled-gallery__row\"><div class=\"tiled-gallery__col\" style=\"flex-basis:25.19244%\"><figure class=\"tiled-gallery__item\"><img decoding=\"async\" role=\"button\" tabindex=\"0\" aria-label=\"Bild\u00a04 von 7 im Vollbildmodus \u00f6ffnen\"srcset=\"https:\/\/i0.wp.com\/bocchedalbegna.com\/wp-content\/uploads\/2023\/07\/bocchedalbegna-ristorante-140917-0259-1024x683.jpg?strip=info&#038;w=600&#038;ssl=1 600w,https:\/\/i0.wp.com\/bocchedalbegna.com\/wp-content\/uploads\/2023\/07\/bocchedalbegna-ristorante-140917-0259-1024x683.jpg?strip=info&#038;w=900&#038;ssl=1 900w,https:\/\/i0.wp.com\/bocchedalbegna.com\/wp-content\/uploads\/2023\/07\/bocchedalbegna-ristorante-140917-0259-1024x683.jpg?strip=info&#038;w=1200&#038;ssl=1 1200w,https:\/\/i0.wp.com\/bocchedalbegna.com\/wp-content\/uploads\/2023\/07\/bocchedalbegna-ristorante-140917-0259-1024x683.jpg?strip=info&#038;w=1500&#038;ssl=1 1500w,https:\/\/i0.wp.com\/bocchedalbegna.com\/wp-content\/uploads\/2023\/07\/bocchedalbegna-ristorante-140917-0259-1024x683.jpg?strip=info&#038;w=1800&#038;ssl=1 1800w,https:\/\/i0.wp.com\/bocchedalbegna.com\/wp-content\/uploads\/2023\/07\/bocchedalbegna-ristorante-140917-0259-1024x683.jpg?strip=info&#038;w=2000&#038;ssl=1 2000w\" alt=\"\" data-height=\"1707\" data-id=\"748\" data-link=\"https:\/\/bocchedalbegna.com\/ristorante\/attachment\/camping-bocche-dalbegna-24\/\" data-url=\"https:\/\/bocchedalbegna.com\/wp-content\/uploads\/2023\/07\/bocchedalbegna-ristorante-140917-0259-1024x683.jpg\" data-width=\"2560\" src=\"https:\/\/i0.wp.com\/bocchedalbegna.com\/wp-content\/uploads\/2023\/07\/bocchedalbegna-ristorante-140917-0259-1024x683.jpg?ssl=1\" data-amp-layout=\"responsive\"\/><\/figure><\/div><div class=\"tiled-gallery__col\" style=\"flex-basis:24.43736%\"><figure class=\"tiled-gallery__item\"><img decoding=\"async\" role=\"button\" tabindex=\"0\" aria-label=\"Bild\u00a05 von 7 im Vollbildmodus \u00f6ffnen\"srcset=\"https:\/\/i0.wp.com\/bocchedalbegna.com\/wp-content\/uploads\/2023\/07\/bocchedalbegna-ristorante-140917-0242-1024x704.jpg?strip=info&#038;w=600&#038;ssl=1 600w,https:\/\/i0.wp.com\/bocchedalbegna.com\/wp-content\/uploads\/2023\/07\/bocchedalbegna-ristorante-140917-0242-1024x704.jpg?strip=info&#038;w=900&#038;ssl=1 900w,https:\/\/i0.wp.com\/bocchedalbegna.com\/wp-content\/uploads\/2023\/07\/bocchedalbegna-ristorante-140917-0242-1024x704.jpg?strip=info&#038;w=1200&#038;ssl=1 1200w,https:\/\/i0.wp.com\/bocchedalbegna.com\/wp-content\/uploads\/2023\/07\/bocchedalbegna-ristorante-140917-0242-1024x704.jpg?strip=info&#038;w=1500&#038;ssl=1 1500w,https:\/\/i0.wp.com\/bocchedalbegna.com\/wp-content\/uploads\/2023\/07\/bocchedalbegna-ristorante-140917-0242-1024x704.jpg?strip=info&#038;w=1800&#038;ssl=1 1800w,https:\/\/i0.wp.com\/bocchedalbegna.com\/wp-content\/uploads\/2023\/07\/bocchedalbegna-ristorante-140917-0242-1024x704.jpg?strip=info&#038;w=2000&#038;ssl=1 2000w\" alt=\"\" data-height=\"1760\" data-id=\"745\" data-link=\"https:\/\/bocchedalbegna.com\/ristorante\/attachment\/camping-bocche-dalbegna-23\/\" data-url=\"https:\/\/bocchedalbegna.com\/wp-content\/uploads\/2023\/07\/bocchedalbegna-ristorante-140917-0242-1024x704.jpg\" data-width=\"2560\" src=\"https:\/\/i0.wp.com\/bocchedalbegna.com\/wp-content\/uploads\/2023\/07\/bocchedalbegna-ristorante-140917-0242-1024x704.jpg?ssl=1\" data-amp-layout=\"responsive\"\/><\/figure><\/div><div class=\"tiled-gallery__col\" style=\"flex-basis:25.17776%\"><figure class=\"tiled-gallery__item\"><img decoding=\"async\" role=\"button\" tabindex=\"0\" aria-label=\"Bild\u00a06 von 7 im Vollbildmodus \u00f6ffnen\"srcset=\"https:\/\/i0.wp.com\/bocchedalbegna.com\/wp-content\/uploads\/2023\/07\/bocchedalbegna-ristorante-140917-0235-1024x683.jpg?strip=info&#038;w=600&#038;ssl=1 600w,https:\/\/i0.wp.com\/bocchedalbegna.com\/wp-content\/uploads\/2023\/07\/bocchedalbegna-ristorante-140917-0235-1024x683.jpg?strip=info&#038;w=900&#038;ssl=1 900w,https:\/\/i0.wp.com\/bocchedalbegna.com\/wp-content\/uploads\/2023\/07\/bocchedalbegna-ristorante-140917-0235-1024x683.jpg?strip=info&#038;w=1200&#038;ssl=1 1200w,https:\/\/i0.wp.com\/bocchedalbegna.com\/wp-content\/uploads\/2023\/07\/bocchedalbegna-ristorante-140917-0235-1024x683.jpg?strip=info&#038;w=1500&#038;ssl=1 1500w,https:\/\/i0.wp.com\/bocchedalbegna.com\/wp-content\/uploads\/2023\/07\/bocchedalbegna-ristorante-140917-0235-1024x683.jpg?strip=info&#038;w=1800&#038;ssl=1 1800w,https:\/\/i0.wp.com\/bocchedalbegna.com\/wp-content\/uploads\/2023\/07\/bocchedalbegna-ristorante-140917-0235-1024x683.jpg?strip=info&#038;w=2000&#038;ssl=1 2000w\" alt=\"\" data-height=\"1708\" data-id=\"742\" data-link=\"https:\/\/bocchedalbegna.com\/ristorante\/attachment\/camping-bocche-dalbegna-22\/\" data-url=\"https:\/\/bocchedalbegna.com\/wp-content\/uploads\/2023\/07\/bocchedalbegna-ristorante-140917-0235-1024x683.jpg\" data-width=\"2560\" src=\"https:\/\/i0.wp.com\/bocchedalbegna.com\/wp-content\/uploads\/2023\/07\/bocchedalbegna-ristorante-140917-0235-1024x683.jpg?ssl=1\" data-amp-layout=\"responsive\"\/><\/figure><\/div><div class=\"tiled-gallery__col\" style=\"flex-basis:25.19244%\"><figure class=\"tiled-gallery__item\"><img decoding=\"async\" role=\"button\" tabindex=\"0\" aria-label=\"Bild\u00a07 von 7 im Vollbildmodus \u00f6ffnen\"srcset=\"https:\/\/i0.wp.com\/bocchedalbegna.com\/wp-content\/uploads\/2023\/07\/bocchedalbegna-ristorante-090615-5861-1024x683.jpg?strip=info&#038;w=600&#038;ssl=1 600w,https:\/\/i0.wp.com\/bocchedalbegna.com\/wp-content\/uploads\/2023\/07\/bocchedalbegna-ristorante-090615-5861-1024x683.jpg?strip=info&#038;w=900&#038;ssl=1 900w,https:\/\/i0.wp.com\/bocchedalbegna.com\/wp-content\/uploads\/2023\/07\/bocchedalbegna-ristorante-090615-5861-1024x683.jpg?strip=info&#038;w=1200&#038;ssl=1 1200w,https:\/\/i0.wp.com\/bocchedalbegna.com\/wp-content\/uploads\/2023\/07\/bocchedalbegna-ristorante-090615-5861-1024x683.jpg?strip=info&#038;w=1500&#038;ssl=1 1500w,https:\/\/i0.wp.com\/bocchedalbegna.com\/wp-content\/uploads\/2023\/07\/bocchedalbegna-ristorante-090615-5861-1024x683.jpg?strip=info&#038;w=1800&#038;ssl=1 1800w,https:\/\/i0.wp.com\/bocchedalbegna.com\/wp-content\/uploads\/2023\/07\/bocchedalbegna-ristorante-090615-5861-1024x683.jpg?strip=info&#038;w=2000&#038;ssl=1 2000w\" alt=\"\" data-height=\"1707\" data-id=\"739\" data-link=\"https:\/\/bocchedalbegna.com\/ristorante\/attachment\/servizio-fotografico-al-camping-bocchedalbegna-3\/\" data-url=\"https:\/\/bocchedalbegna.com\/wp-content\/uploads\/2023\/07\/bocchedalbegna-ristorante-090615-5861-1024x683.jpg\" data-width=\"2560\" src=\"https:\/\/i0.wp.com\/bocchedalbegna.com\/wp-content\/uploads\/2023\/07\/bocchedalbegna-ristorante-090615-5861-1024x683.jpg?ssl=1\" data-amp-layout=\"responsive\"\/><\/figure><\/div><\/div><\/div><\/div><\/div><br>\n","protected":false},"excerpt":{"rendered":"<p>In der N\u00e4he der Argentario-Bl\u00fcte in Morellino erkundet unser Men\u00fc eine Auswahl an authentischen Aromen. Der Einblick in die Erde und die Stute ist eine Reise, die die besten italienischen Reisgerichte feiert, die Frische der Zutaten und die Kunstfertigkeit mit der richtigen Zubereitung. Alle unsere Gerichte basieren auf dem Reichtum der Traditionen, die fast immer [&hellip;]<\/p>\n","protected":false},"author":1,"featured_media":725,"parent":0,"menu_order":3,"comment_status":"open","ping_status":"open","template":"","meta":{"footnotes":""},"class_list":["post-958","page","type-page","status-publish","has-post-thumbnail","hentry"],"jetpack_sharing_enabled":true,"_links":{"self":[{"href":"https:\/\/bocchedalbegna.com\/de\/wp-json\/wp\/v2\/pages\/958","targetHints":{"allow":["GET"]}}],"collection":[{"href":"https:\/\/bocchedalbegna.com\/de\/wp-json\/wp\/v2\/pages"}],"about":[{"href":"https:\/\/bocchedalbegna.com\/de\/wp-json\/wp\/v2\/types\/page"}],"author":[{"embeddable":true,"href":"https:\/\/bocchedalbegna.com\/de\/wp-json\/wp\/v2\/users\/1"}],"replies":[{"embeddable":true,"href":"https:\/\/bocchedalbegna.com\/de\/wp-json\/wp\/v2\/comments?post=958"}],"version-history":[{"count":7,"href":"https:\/\/bocchedalbegna.com\/de\/wp-json\/wp\/v2\/pages\/958\/revisions"}],"predecessor-version":[{"id":1840,"href":"https:\/\/bocchedalbegna.com\/de\/wp-json\/wp\/v2\/pages\/958\/revisions\/1840"}],"wp:featuredmedia":[{"embeddable":true,"href":"https:\/\/bocchedalbegna.com\/de\/wp-json\/wp\/v2\/media\/725"}],"wp:attachment":[{"href":"https:\/\/bocchedalbegna.com\/de\/wp-json\/wp\/v2\/media?parent=958"}],"curies":[{"name":"wp","href":"https:\/\/api.w.org\/{rel}","templated":true}]}}